{"id":720,"date":"2025-12-16T12:35:50","date_gmt":"2025-12-16T11:35:50","guid":{"rendered":"https:\/\/wizualna-test.eu\/?page_id=720"},"modified":"2026-03-04T14:44:36","modified_gmt":"2026-03-04T13:44:36","slug":"ania-mateusz","status":"publish","type":"page","link":"https:\/\/wizualna-test.eu\/?page_id=720","title":{"rendered":"Otylia i Kuba"},"content":{"rendered":"\t\t<div data-elementor-type=\"wp-page\" data-elementor-id=\"720\" class=\"elementor elementor-720\" data-elementor-post-type=\"page\">\n\t\t\t\t<div class=\"elementor-element elementor-element-1a2d4fd1 e-con-full e-flex e-con e-parent\" data-id=\"1a2d4fd1\" data-element_type=\"container\" data-settings=\"{&quot;background_background&quot;:&quot;classic&quot;}\">\n\t\t\t\t<\/div>\n\t\t<div class=\"elementor-element elementor-element-2e022388 e-flex e-con-boxed e-con e-parent\" data-id=\"2e022388\" data-element_type=\"container\">\n\t\t\t\t\t<div class=\"e-con-inner\">\n\t\t\t\t<div class=\"elementor-element elementor-element-348fd714 elementor-widget__width-inherit elementor-invisible elementor-widget elementor-widget-text-editor\" data-id=\"348fd714\" data-element_type=\"widget\" data-settings=\"{&quot;_animation&quot;:&quot;fadeIn&quot;}\" data-widget_type=\"text-editor.default\">\n\t\t\t\t\t\t\t\t\t<p>Odkryj detale \u015blubu<\/p>\t\t\t\t\t\t\t\t<\/div>\n\t\t\t\t<div class=\"elementor-element elementor-element-2d67053c elementor-widget__width-initial elementor-widget-mobile__width-inherit elementor-invisible elementor-widget elementor-widget-heading\" data-id=\"2d67053c\" data-element_type=\"widget\" data-settings=\"{&quot;_animation&quot;:&quot;fadeIn&quot;,&quot;_animation_delay&quot;:200}\" data-widget_type=\"heading.default\">\n\t\t\t\t\t<h2 class=\"elementor-heading-title elementor-size-default\">Otylia &amp; Kuba<\/h2>\t\t\t\t<\/div>\n\t\t\t\t<div class=\"elementor-element elementor-element-76a6448e elementor-widget__width-initial elementor-invisible elementor-widget elementor-widget-text-editor\" data-id=\"76a6448e\" data-element_type=\"widget\" data-settings=\"{&quot;_animation&quot;:&quot;fadeIn&quot;,&quot;_animation_delay&quot;:400}\" data-widget_type=\"text-editor.default\">\n\t\t\t\t\t\t\t\t\t<p><span style=\"font-weight: 400;\">S\u0105 pary, kt\u00f3re od pierwszej rozmowy wnosz\u0105 do projektu co\u015b wi\u0119cej ni\u017c inspiracje z Pinterestu. Otylia i Kuba przylecieli do nas z Nowego Jorku, ale sercem od pocz\u0105tku byli w Polsce. Wiedzieli, \u017ce chc\u0105 po\u0142\u0105czy\u0107 dwa \u015bwiaty. Nowoczesn\u0105 energi\u0119, kt\u00f3r\u0105 \u017cyj\u0105 na co dzie\u0144, z romantyczn\u0105, niemal ba\u015bniow\u0105 opraw\u0105 w historycznym miejscu.<\/span><\/p>\t\t\t\t\t\t\t\t<\/div>\n\t\t<div class=\"elementor-element elementor-element-3d36218d e-con-full e-flex elementor-invisible e-con e-child\" data-id=\"3d36218d\" data-element_type=\"container\" data-settings=\"{&quot;animation&quot;:&quot;fadeIn&quot;,&quot;animation_delay&quot;:400}\">\n\t\t<div class=\"elementor-element elementor-element-24fcd8d8 e-con-full e-flex e-con e-child\" data-id=\"24fcd8d8\" data-element_type=\"container\">\n\t\t\t\t<div class=\"elementor-element elementor-element-1db45e3d elementor-widget elementor-widget-text-editor\" data-id=\"1db45e3d\" data-element_type=\"widget\" data-widget_type=\"text-editor.default\">\n\t\t\t\t\t\t\t\t\t<p>Data<\/p>\t\t\t\t\t\t\t\t<\/div>\n\t\t\t\t<div class=\"elementor-element elementor-element-39b59f3e elementor-widget elementor-widget-heading\" data-id=\"39b59f3e\" data-element_type=\"widget\" data-widget_type=\"heading.default\">\n\t\t\t\t\t<h6 class=\"elementor-heading-title elementor-size-default\">wrzesie\u0144 2025<\/h6>\t\t\t\t<\/div>\n\t\t\t\t<\/div>\n\t\t<div class=\"elementor-element elementor-element-677ca555 e-con-full e-flex e-con e-child\" data-id=\"677ca555\" data-element_type=\"container\">\n\t\t\t\t<div class=\"elementor-element elementor-element-15279017 elementor-widget elementor-widget-text-editor\" data-id=\"15279017\" data-element_type=\"widget\" data-widget_type=\"text-editor.default\">\n\t\t\t\t\t\t\t\t\t<p>Lokalizacja<\/p>\t\t\t\t\t\t\t\t<\/div>\n\t\t\t\t<div class=\"elementor-element elementor-element-39106560 elementor-widget elementor-widget-heading\" data-id=\"39106560\" data-element_type=\"widget\" data-widget_type=\"heading.default\">\n\t\t\t\t\t<h6 class=\"elementor-heading-title elementor-size-default\">Konin<\/h6>\t\t\t\t<\/div>\n\t\t\t\t<\/div>\n\t\t\t\t<\/div>\n\t\t<div class=\"elementor-element elementor-element-5e9ce0b7 e-con-full e-flex elementor-invisible e-con e-child\" data-id=\"5e9ce0b7\" data-element_type=\"container\" data-settings=\"{&quot;background_background&quot;:&quot;video&quot;,&quot;animation&quot;:&quot;fadeIn&quot;,&quot;background_video_link&quot;:&quot;https:\\\/\\\/wizualna-test.eu\\\/wp-content\\\/uploads\\\/2026\\\/03\\\/Otylia-Kuba.mp4&quot;,&quot;background_video_start&quot;:108,&quot;background_video_end&quot;:144}\">\n\t\t<div class=\"elementor-background-video-container elementor-hidden-mobile\">\n\t\t\t\t\t\t\t<video class=\"elementor-background-video-hosted\" autoplay muted playsinline loop><\/video>\n\t\t\t\t\t<\/div>\t\t<\/div>\n\t\t<div class=\"elementor-element elementor-element-4f517b24 e-flex e-con-boxed elementor-invisible e-con e-child\" data-id=\"4f517b24\" data-element_type=\"container\" data-settings=\"{&quot;animation&quot;:&quot;fadeIn&quot;}\">\n\t\t\t\t\t<div class=\"e-con-inner\">\n\t\t\t\t<div class=\"elementor-element elementor-element-39538d02 elementor-widget elementor-widget-heading\" data-id=\"39538d02\" data-element_type=\"widget\" data-widget_type=\"heading.default\">\n\t\t\t\t\t<h3 class=\"elementor-heading-title elementor-size-default\">Opis realizacji<\/h3>\t\t\t\t<\/div>\n\t\t\t\t<div class=\"elementor-element elementor-element-9281944 elementor-widget elementor-widget-text-editor\" data-id=\"9281944\" data-element_type=\"widget\" data-widget_type=\"text-editor.default\">\n\t\t\t\t\t\t\t\t\t<p><span style=\"font-weight: 400;\">Na realizacj\u0119 wybrali Pa\u0142ac T\u0142okinia. Klasyczna, elegancka przestrze\u0144, kt\u00f3ra sama w sobie jest bardzo wyrazista. Naszym zadaniem by\u0142o wprowadzi\u0107 do niej \u015bwie\u017co\u015b\u0107, kolor i lekko\u015b\u0107. Tak powsta\u0142a koncepcja Modern Fairytale.<\/span><\/p><p><span style=\"font-weight: 400;\">Zamiast pastelowej delikatno\u015bci postawili\u015bmy na odwa\u017cne, kolorowe kompozycje kwiatowe. Pojawi\u0142y si\u0119 kolibry, detale inspirowane natur\u0105, dynamiczne formy i \u017cywe barwy. Chcieli\u015bmy, \u017ceby by\u0142o bajkowo, ale nie cukierkowo. Nowocze\u015bnie, ale z szacunkiem do pa\u0142acowej architektury. To balans, kt\u00f3ry wymaga bardzo \u015bwiadomej pracy z proporcj\u0105 i \u015bwiat\u0142em.<\/span><\/p><p><span style=\"font-weight: 400;\">R\u00f3wnolegle toczy\u0142a si\u0119 jednak druga historia. Ta organizacyjna.<\/span><\/p><p><span style=\"font-weight: 400;\">Para mieszka na sta\u0142e w Stanach, wi\u0119c proces planowania wymaga\u0142 precyzji, jasnej komunikacji i ogromnego zaufania. Koordynacja dostawc\u00f3w, decyzje podejmowane zdalnie, dopinanie szczeg\u00f3\u0142\u00f3w na ostatni\u0105 chwil\u0119. A do tego jeden element, kt\u00f3ry mia\u0142 by\u0107 absolutnym zaskoczeniem.<\/span><\/p><p><span style=\"font-weight: 400;\">Przylot helikopterem z ko\u015bcio\u0142a do Pa\u0142acu.<\/span><\/p><p><span style=\"font-weight: 400;\">Do ostatnich godzin przed ceremoni\u0105 nie mieli\u015bmy pewno\u015bci, czy pogoda pozwoli na realizacj\u0119 planu. Wiatr by\u0142 silny, prognozy nie dawa\u0142y stuprocentowej gwarancji. To by\u0142y momenty, w kt\u00f3rych wedding planner musi zachowa\u0107 spok\u00f3j, mie\u0107 plan B, a jednocze\u015bnie nie odbiera\u0107 parze ekscytacji.<\/span><\/p><p><span style=\"font-weight: 400;\">I wtedy si\u0119 uda\u0142o.<\/span><\/p><p><span style=\"font-weight: 400;\">Helikopter pojawi\u0142 si\u0119 nad pa\u0142acem, go\u015bcie spojrzeli w g\u00f3r\u0119, a chwil\u0119 p\u00f3\u017aniej Otylia i Kuba wyl\u0105dowali na terenie obiektu. Zaskoczenie by\u0142o absolutne. Zachwyt, niedowierzanie, okrzyki rado\u015bci. To by\u0142 moment jak z filmu. Spektakularny, ale jednocze\u015bnie bardzo \u201eich\u201d.<\/span><\/p><p><span style=\"font-weight: 400;\">Bo to wesele nie by\u0142o tylko pokazem efekt\u00f3w. Najbardziej poruszaj\u0105ce by\u0142o to, jak\u0105 wi\u0119\u017a maj\u0105 ze swoimi go\u015b\u0107mi. Przyjaciele z r\u00f3\u017cnych stron \u015bwiata, kt\u00f3rzy stworzyli atmosfer\u0119 blisko\u015bci i prawdziwej rado\u015bci. Wida\u0107 by\u0142o, \u017ce to nie jest przypadkowe grono, tylko ludzie, kt\u00f3rzy naprawd\u0119 s\u0105 cz\u0119\u015bci\u0105 ich historii.<\/span><\/p>\t\t\t\t\t\t\t\t<\/div>\n\t\t\t\t\t<\/div>\n\t\t\t\t<\/div>\n\t\t<div class=\"elementor-element elementor-element-3237999a e-con-full e-flex e-con e-child\" data-id=\"3237999a\" data-element_type=\"container\">\n\t\t<div class=\"elementor-element elementor-element-3d7a3fac e-con-full e-flex elementor-invisible e-con e-child\" data-id=\"3d7a3fac\" data-element_type=\"container\" data-settings=\"{&quot;background_background&quot;:&quot;classic&quot;,&quot;animation&quot;:&quot;fadeIn&quot;}\">\n\t\t\t\t<div class=\"elementor-element elementor-element-1c63fd96 elementor-widget-divider--view-line elementor-widget elementor-widget-divider\" data-id=\"1c63fd96\" data-element_type=\"widget\" data-widget_type=\"divider.default\">\n\t\t\t\t\t\t\t<div class=\"elementor-divider\">\n\t\t\t<span class=\"elementor-divider-separator\">\n\t\t\t\t\t\t<\/span>\n\t\t<\/div>\n\t\t\t\t\t\t<\/div>\n\t\t\t\t<\/div>\n\t\t<div class=\"elementor-element elementor-element-7223c43b e-con-full e-flex elementor-invisible e-con e-child\" data-id=\"7223c43b\" data-element_type=\"container\" data-settings=\"{&quot;background_background&quot;:&quot;classic&quot;,&quot;animation&quot;:&quot;fadeIn&quot;,&quot;animation_delay&quot;:200}\">\n\t\t\t\t<div class=\"elementor-element elementor-element-73a58296 elementor-widget-divider--view-line elementor-widget elementor-widget-divider\" data-id=\"73a58296\" data-element_type=\"widget\" data-widget_type=\"divider.default\">\n\t\t\t\t\t\t\t<div class=\"elementor-divider\">\n\t\t\t<span class=\"elementor-divider-separator\">\n\t\t\t\t\t\t<\/span>\n\t\t<\/div>\n\t\t\t\t\t\t<\/div>\n\t\t\t\t<\/div>\n\t\t\t\t<\/div>\n\t\t<div class=\"elementor-element elementor-element-f51c18e e-con-full e-flex e-con e-child\" data-id=\"f51c18e\" data-element_type=\"container\">\n\t\t<div class=\"elementor-element elementor-element-7bbd813 e-con-full e-flex elementor-invisible e-con e-child\" data-id=\"7bbd813\" data-element_type=\"container\" data-settings=\"{&quot;background_background&quot;:&quot;classic&quot;,&quot;animation&quot;:&quot;fadeIn&quot;}\">\n\t\t\t\t<div class=\"elementor-element elementor-element-6048910 elementor-widget-divider--view-line elementor-widget elementor-widget-divider\" data-id=\"6048910\" data-element_type=\"widget\" data-widget_type=\"divider.default\">\n\t\t\t\t\t\t\t<div class=\"elementor-divider\">\n\t\t\t<span class=\"elementor-divider-separator\">\n\t\t\t\t\t\t<\/span>\n\t\t<\/div>\n\t\t\t\t\t\t<\/div>\n\t\t\t\t<\/div>\n\t\t<div class=\"elementor-element elementor-element-25d7278 e-con-full e-flex elementor-invisible e-con e-child\" data-id=\"25d7278\" data-element_type=\"container\" data-settings=\"{&quot;background_background&quot;:&quot;classic&quot;,&quot;animation&quot;:&quot;fadeIn&quot;,&quot;animation_delay&quot;:200}\">\n\t\t\t\t<div class=\"elementor-element elementor-element-47b4d1c elementor-widget-divider--view-line elementor-widget elementor-widget-divider\" data-id=\"47b4d1c\" data-element_type=\"widget\" data-widget_type=\"divider.default\">\n\t\t\t\t\t\t\t<div class=\"elementor-divider\">\n\t\t\t<span class=\"elementor-divider-separator\">\n\t\t\t\t\t\t<\/span>\n\t\t<\/div>\n\t\t\t\t\t\t<\/div>\n\t\t\t\t<\/div>\n\t\t\t\t<\/div>\n\t\t<div class=\"elementor-element elementor-element-7fa20b61 e-flex e-con-boxed elementor-invisible e-con e-child\" data-id=\"7fa20b61\" data-element_type=\"container\" data-settings=\"{&quot;animation&quot;:&quot;fadeIn&quot;}\">\n\t\t\t\t\t<div class=\"e-con-inner\">\n\t\t\t\t<div class=\"elementor-element elementor-element-dbbb7b7 elementor-widget elementor-widget-heading\" data-id=\"dbbb7b7\" data-element_type=\"widget\" data-widget_type=\"heading.default\">\n\t\t\t\t\t<h3 class=\"elementor-heading-title elementor-size-default\">Efekt ko\u0144cowy<\/h3>\t\t\t\t<\/div>\n\t\t\t\t<div class=\"elementor-element elementor-element-24ac06ca elementor-widget elementor-widget-text-editor\" data-id=\"24ac06ca\" data-element_type=\"widget\" data-widget_type=\"text-editor.default\">\n\t\t\t\t\t\t\t\t\t<p><span style=\"font-weight: 400;\">Modern Fairytale to projekt, kt\u00f3ry po\u0142\u0105czy\u0142 odwag\u0119 z elegancj\u0105, dynamik\u0119 z romantyzmem i perfekcyjn\u0105 organizacj\u0119 z nut\u0105 szale\u0144stwa. Wszystko si\u0119 uda\u0142o. Pogoda, logistyka, emocje. A my po raz kolejny utwierdzili\u015bmy si\u0119 w przekonaniu, \u017ce magia nie dzieje si\u0119 sama. Trzeba j\u0105 dobrze zaplanowa\u0107.<\/span><\/p>\t\t\t\t\t\t\t\t<\/div>\n\t\t\t\t\t<\/div>\n\t\t\t\t<\/div>\n\t\t\t\t\t<\/div>\n\t\t\t\t<\/div>\n\t\t<div class=\"elementor-element elementor-element-16f494e e-flex e-con-boxed e-con e-parent\" data-id=\"16f494e\" data-element_type=\"container\" data-settings=\"{&quot;background_background&quot;:&quot;classic&quot;}\">\n\t\t\t\t\t<div class=\"e-con-inner\">\n\t\t\t\t<div class=\"elementor-element elementor-element-99be2ff elementor-widget elementor-widget-heading\" data-id=\"99be2ff\" data-element_type=\"widget\" data-widget_type=\"heading.default\">\n\t\t\t\t\t<h1 class=\"elementor-heading-title elementor-size-default\">Kontakt<\/h1>\t\t\t\t<\/div>\n\t\t\t\t<div class=\"elementor-element elementor-element-012b1af elementor-widget__width-initial elementor-invisible elementor-widget elementor-widget-heading\" data-id=\"012b1af\" data-element_type=\"widget\" data-settings=\"{&quot;_animation&quot;:&quot;fadeIn&quot;,&quot;_animation_delay&quot;:200}\" data-widget_type=\"heading.default\">\n\t\t\t\t\t<h2 class=\"elementor-heading-title elementor-size-default\">Porozmawiajmy<\/h2>\t\t\t\t<\/div>\n\t\t\t\t<div class=\"elementor-element elementor-element-2c74e5c elementor-widget__width-initial elementor-invisible elementor-widget elementor-widget-heading\" data-id=\"2c74e5c\" data-element_type=\"widget\" data-settings=\"{&quot;_animation&quot;:&quot;fadeIn&quot;,&quot;_animation_delay&quot;:200}\" data-widget_type=\"heading.default\">\n\t\t\t\t\t<h2 class=\"elementor-heading-title elementor-size-default\">o Waszym \u015blubie.<\/h2>\t\t\t\t<\/div>\n\t\t\t\t<div class=\"elementor-element elementor-element-ac423e9 elementor-widget__width-initial elementor-invisible elementor-widget elementor-widget-text-editor\" data-id=\"ac423e9\" data-element_type=\"widget\" data-settings=\"{&quot;_animation&quot;:&quot;fadeIn&quot;,&quot;_animation_delay&quot;:400}\" data-widget_type=\"text-editor.default\">\n\t\t\t\t\t\t\t\t\t<p>Opowiedzcie mi o swoim dniu \u2014 stworz\u0119 plan, kt\u00f3ry poprowadzi <br \/>Was do pi\u0119knej, sp\u00f3jnej i wyj\u0105tkowej uroczysto\u015bci. <br \/>Czekam na Wasz\u0105 wiadomo\u015b\u0107.<\/p>\t\t\t\t\t\t\t\t<\/div>\n\t\t<div class=\"elementor-element elementor-element-696615a e-con-full e-flex e-con e-child\" data-id=\"696615a\" data-element_type=\"container\">\n\t\t<div class=\"elementor-element elementor-element-4c980a3 e-con-full e-flex e-con e-child\" data-id=\"4c980a3\" data-element_type=\"container\">\n\t\t\t\t<div class=\"elementor-element elementor-element-b606132 elementor-align-left elementor-widget elementor-widget-button\" data-id=\"b606132\" data-element_type=\"widget\" data-widget_type=\"button.default\">\n\t\t\t\t\t\t\t\t\t\t<a class=\"elementor-button elementor-button-link elementor-size-sm\" href=\"https:\/\/wizualna-test.eu\/?page_id=222\">\n\t\t\t\t\t\t<span class=\"elementor-button-content-wrapper\">\n\t\t\t\t\t\t\t\t\t<span class=\"elementor-button-text\">Um\u00f3w swoj\u0105 konsultacj\u0119<\/span>\n\t\t\t\t\t<\/span>\n\t\t\t\t\t<\/a>\n\t\t\t\t\t\t\t\t<\/div>\n\t\t\t\t<\/div>\n\t\t\t\t<\/div>\n\t\t\t\t\t<\/div>\n\t\t\t\t<\/div>\n\t\t\t\t<\/div>\n\t\t","protected":false},"excerpt":{"rendered":"<p>Odkryj detale \u015blubu Otylia &amp; Kuba S\u0105 pary, kt\u00f3re od pierwszej rozmowy wnosz\u0105 do projektu co\u015b wi\u0119cej ni\u017c inspiracje z Pinterestu. Otylia i Kuba przylecieli do nas z Nowego Jorku, ale sercem od pocz\u0105tku byli w Polsce. Wiedzieli, \u017ce chc\u0105 po\u0142\u0105czy\u0107 dwa \u015bwiaty. Nowoczesn\u0105 energi\u0119, kt\u00f3r\u0105 \u017cyj\u0105 na co dzie\u0144, z romantyczn\u0105, niemal ba\u015bniow\u0105 opraw\u0105 [&hellip;]<\/p>\n","protected":false},"author":1,"featured_media":0,"parent":0,"menu_order":0,"comment_status":"closed","ping_status":"closed","template":"","meta":{"footnotes":""},"class_list":["post-720","page","type-page","status-publish","hentry"],"_links":{"self":[{"href":"https:\/\/wizualna-test.eu\/index.php?rest_route=\/wp\/v2\/pages\/720","targetHints":{"allow":["GET"]}}],"collection":[{"href":"https:\/\/wizualna-test.eu\/index.php?rest_route=\/wp\/v2\/pages"}],"about":[{"href":"https:\/\/wizualna-test.eu\/index.php?rest_route=\/wp\/v2\/types\/page"}],"author":[{"embeddable":true,"href":"https:\/\/wizualna-test.eu\/index.php?rest_route=\/wp\/v2\/users\/1"}],"replies":[{"embeddable":true,"href":"https:\/\/wizualna-test.eu\/index.php?rest_route=%2Fwp%2Fv2%2Fcomments&post=720"}],"version-history":[{"count":15,"href":"https:\/\/wizualna-test.eu\/index.php?rest_route=\/wp\/v2\/pages\/720\/revisions"}],"predecessor-version":[{"id":922,"href":"https:\/\/wizualna-test.eu\/index.php?rest_route=\/wp\/v2\/pages\/720\/revisions\/922"}],"wp:attachment":[{"href":"https:\/\/wizualna-test.eu\/index.php?rest_route=%2Fwp%2Fv2%2Fmedia&parent=720"}],"curies":[{"name":"wp","href":"https:\/\/api.w.org\/{rel}","templated":true}]}}