{"id":222,"date":"2025-12-10T04:56:06","date_gmt":"2025-12-10T03:56:06","guid":{"rendered":"https:\/\/wizualna-test.eu\/?page_id=222"},"modified":"2026-03-04T15:39:05","modified_gmt":"2026-03-04T14:39:05","slug":"kontakt","status":"publish","type":"page","link":"https:\/\/wizualna-test.eu\/?page_id=222","title":{"rendered":"Kontakt"},"content":{"rendered":"\t\t<div data-elementor-type=\"wp-page\" data-elementor-id=\"222\" class=\"elementor elementor-222\" data-elementor-post-type=\"page\">\n\t\t\t\t<div class=\"elementor-element elementor-element-2c2a9b3 e-flex e-con-boxed e-con e-parent\" data-id=\"2c2a9b3\" data-element_type=\"container\" data-settings=\"{&quot;background_background&quot;:&quot;classic&quot;}\">\n\t\t\t\t\t<div class=\"e-con-inner\">\n\t\t\t\t\t<\/div>\n\t\t\t\t<\/div>\n\t\t<div class=\"elementor-element elementor-element-26e7d5b e-flex e-con-boxed e-con e-parent\" data-id=\"26e7d5b\" data-element_type=\"container\">\n\t\t\t\t\t<div class=\"e-con-inner\">\n\t\t\t\t<div class=\"elementor-element elementor-element-21cf795 elementor-widget elementor-widget-spacer\" data-id=\"21cf795\" data-element_type=\"widget\" data-widget_type=\"spacer.default\">\n\t\t\t\t\t\t\t<div class=\"elementor-spacer\">\n\t\t\t<div class=\"elementor-spacer-inner\"><\/div>\n\t\t<\/div>\n\t\t\t\t\t\t<\/div>\n\t\t\t\t\t<\/div>\n\t\t\t\t<\/div>\n\t\t<div class=\"elementor-element elementor-element-16f305c e-flex e-con-boxed e-con e-parent\" data-id=\"16f305c\" data-element_type=\"container\">\n\t\t\t\t\t<div class=\"e-con-inner\">\n\t\t<div class=\"elementor-element elementor-element-d1c0dea e-con-full e-flex e-con e-child\" data-id=\"d1c0dea\" data-element_type=\"container\">\n\t\t\t\t<div class=\"elementor-element elementor-element-9bdec2c elementor-widget elementor-widget-heading\" data-id=\"9bdec2c\" data-element_type=\"widget\" data-widget_type=\"heading.default\">\n\t\t\t\t\t<h2 class=\"elementor-heading-title elementor-size-default\">Zr\u00f3b pierwszy<\/h2>\t\t\t\t<\/div>\n\t\t\t\t<div class=\"elementor-element elementor-element-ce021d3 elementor-widget elementor-widget-heading\" data-id=\"ce021d3\" data-element_type=\"widget\" data-widget_type=\"heading.default\">\n\t\t\t\t\t<h2 class=\"elementor-heading-title elementor-size-default\">krok<\/h2>\t\t\t\t<\/div>\n\t\t\t\t<\/div>\n\t\t\t\t\t<\/div>\n\t\t\t\t<\/div>\n\t\t<div class=\"elementor-element elementor-element-4bdb2e7 e-flex e-con-boxed e-con e-parent\" data-id=\"4bdb2e7\" data-element_type=\"container\">\n\t\t\t\t\t<div class=\"e-con-inner\">\n\t\t\t\t<div class=\"elementor-element elementor-element-6cf7fef elementor-widget__width-initial elementor-widget elementor-widget-text-editor\" data-id=\"6cf7fef\" data-element_type=\"widget\" data-widget_type=\"text-editor.default\">\n\t\t\t\t\t\t\t\t\t<p><span style=\"font-weight: 400;\">Pierwszym krokiem do wymarzonego \u015blubu jest rozmowa. Opowiedz mi o swojej wizji,<\/span><span style=\"font-family: var( --e-global-typography-text-font-family ), Sans-serif; font-size: var( --e-global-typography-text-font-size ); font-style: var( --e-global-typography-text-font-style ); letter-spacing: var( --e-global-typography-text-letter-spacing ); text-transform: var( --e-global-typography-text-text-transform ); text-decoration: var( --e-global-typography-text-text-decoration );\">\u00a0<br \/><\/span><span style=\"font-family: var( --e-global-typography-text-font-family ), Sans-serif; font-size: var( --e-global-typography-text-font-size ); font-style: var( --e-global-typography-text-font-style ); letter-spacing: var( --e-global-typography-text-letter-spacing ); text-transform: var( --e-global-typography-text-text-transform ); text-decoration: var( --e-global-typography-text-text-decoration );\">a ja poka\u017c\u0119 Ci, jak zamieni\u0107 j\u0105 <br \/>w rzeczywisto\u015b\u0107.<\/span><\/p>\t\t\t\t\t\t\t\t<\/div>\n\t\t\t\t\t<\/div>\n\t\t\t\t<\/div>\n\t\t<div class=\"elementor-element elementor-element-553deee6 e-flex e-con-boxed e-con e-parent\" data-id=\"553deee6\" data-element_type=\"container\">\n\t\t\t\t\t<div class=\"e-con-inner\">\n\t\t\t\t<div class=\"elementor-element elementor-element-464d58c8 elementor-position-left elementor-position-top elementor-vertical-align-top animated-fast elementor-widget-mobile__width-inherit elementor-vertical-align-top elementor-invisible elementor-widget elementor-widget-image-box\" data-id=\"464d58c8\" data-element_type=\"widget\" data-settings=\"{&quot;_animation&quot;:&quot;fadeInUp&quot;}\" data-widget_type=\"image-box.default\">\n\t\t\t\t\t<div class=\"elementor-image-box-wrapper\"><figure class=\"elementor-image-box-img\"><a href=\"#\" tabindex=\"-1\"><img fetchpriority=\"high\" decoding=\"async\" width=\"240\" height=\"240\" src=\"https:\/\/wizualna-test.eu\/wp-content\/uploads\/2025\/12\/phone-ringing.png\" class=\"attachment-full size-full wp-image-771\" alt=\"\" srcset=\"https:\/\/wizualna-test.eu\/wp-content\/uploads\/2025\/12\/phone-ringing.png 240w, https:\/\/wizualna-test.eu\/wp-content\/uploads\/2025\/12\/phone-ringing-150x150.png 150w\" sizes=\"(max-width: 240px) 100vw, 240px\" \/><\/a><\/figure><div class=\"elementor-image-box-content\"><div class=\"elementor-image-box-title\"><a href=\"#\">(+48) 574 977 936<\/a><\/div><p class=\"elementor-image-box-description\">Numer telefonu<\/p><\/div><\/div>\t\t\t\t<\/div>\n\t\t\t\t<div class=\"elementor-element elementor-element-718b9a5d elementor-position-left elementor-position-top elementor-vertical-align-top elementor-widget-mobile__width-inherit elementor-vertical-align-top elementor-invisible elementor-widget elementor-widget-image-box\" data-id=\"718b9a5d\" data-element_type=\"widget\" data-settings=\"{&quot;_animation&quot;:&quot;fadeInUp&quot;}\" data-widget_type=\"image-box.default\">\n\t\t\t\t\t<div class=\"elementor-image-box-wrapper\"><figure class=\"elementor-image-box-img\"><a href=\"#\" tabindex=\"-1\"><img decoding=\"async\" width=\"240\" height=\"240\" src=\"https:\/\/wizualna-test.eu\/wp-content\/uploads\/2025\/12\/at.png\" class=\"attachment-full size-full wp-image-772\" alt=\"\" srcset=\"https:\/\/wizualna-test.eu\/wp-content\/uploads\/2025\/12\/at.png 240w, https:\/\/wizualna-test.eu\/wp-content\/uploads\/2025\/12\/at-150x150.png 150w\" sizes=\"(max-width: 240px) 100vw, 240px\" \/><\/a><\/figure><div class=\"elementor-image-box-content\"><div class=\"elementor-image-box-title\"><a href=\"#\">biuro@superstarweddings.pl<\/a><\/div><p class=\"elementor-image-box-description\">Adres e-mail<\/p><\/div><\/div>\t\t\t\t<\/div>\n\t\t\t\t<div class=\"elementor-element elementor-element-3425cdb4 elementor-position-left elementor-position-top elementor-widget-mobile__width-inherit animated-slow elementor-vertical-align-middle elementor-position-left elementor-vertical-align-top elementor-invisible elementor-widget elementor-widget-image-box\" data-id=\"3425cdb4\" data-element_type=\"widget\" data-settings=\"{&quot;_animation&quot;:&quot;fadeInUp&quot;}\" data-widget_type=\"image-box.default\">\n\t\t\t\t\t<div class=\"elementor-image-box-wrapper\"><figure class=\"elementor-image-box-img\"><a href=\"#\" tabindex=\"-1\"><img decoding=\"async\" width=\"240\" height=\"240\" src=\"https:\/\/wizualna-test.eu\/wp-content\/uploads\/2025\/12\/map-pin-star.png\" class=\"attachment-full size-full wp-image-773\" alt=\"\" srcset=\"https:\/\/wizualna-test.eu\/wp-content\/uploads\/2025\/12\/map-pin-star.png 240w, https:\/\/wizualna-test.eu\/wp-content\/uploads\/2025\/12\/map-pin-star-150x150.png 150w\" sizes=\"(max-width: 240px) 100vw, 240px\" \/><\/a><\/figure><div class=\"elementor-image-box-content\"><div class=\"elementor-image-box-title\"><a href=\"#\">Warszawa | Krak\u00f3w | Ca\u0142a Polska<\/a><\/div><p class=\"elementor-image-box-description\">Lokalizacja<\/p><\/div><\/div>\t\t\t\t<\/div>\n\t\t\t\t\t<\/div>\n\t\t\t\t<\/div>\n\t\t<div class=\"elementor-element elementor-element-2b442237 e-flex e-con-boxed e-con e-parent\" data-id=\"2b442237\" data-element_type=\"container\">\n\t\t\t\t\t<div class=\"e-con-inner\">\n\t\t<div class=\"elementor-element elementor-element-9b5428b e-con-full e-flex e-con e-child\" data-id=\"9b5428b\" data-element_type=\"container\" data-settings=\"{&quot;background_background&quot;:&quot;classic&quot;}\">\n\t\t\t\t<div class=\"elementor-element elementor-element-5916cd3 elementor-button-align-stretch elementor-widget elementor-widget-form\" data-id=\"5916cd3\" data-element_type=\"widget\" data-settings=\"{&quot;step_next_label&quot;:&quot;Nast\\u0119pny&quot;,&quot;step_previous_label&quot;:&quot;Wcze\\u015bniej &quot;,&quot;button_width&quot;:&quot;100&quot;,&quot;step_type&quot;:&quot;number_text&quot;,&quot;step_icon_shape&quot;:&quot;circle&quot;}\" data-widget_type=\"form.default\">\n\t\t\t\t\t\t\t<form class=\"elementor-form\" method=\"post\" name=\"Contact Form\" aria-label=\"Contact Form\">\n\t\t\t<input type=\"hidden\" name=\"post_id\" value=\"222\"\/>\n\t\t\t<input type=\"hidden\" name=\"form_id\" value=\"5916cd3\"\/>\n\t\t\t<input type=\"hidden\" name=\"referer_title\" value=\"Kontakt\" \/>\n\n\t\t\t\t\t\t\t<input type=\"hidden\" name=\"queried_id\" value=\"222\"\/>\n\t\t\t\n\t\t\t<div class=\"elementor-form-fields-wrapper elementor-labels-above\">\n\t\t\t\t\t\t\t\t<div class=\"elementor-field-type-text elementor-field-group elementor-column elementor-field-group-firstname elementor-col-50 elementor-field-required\">\n\t\t\t\t\t\t\t\t\t\t\t\t<label for=\"form-field-firstname\" class=\"elementor-field-label\">\n\t\t\t\t\t\t\t\tImi\u0119\t\t\t\t\t\t\t<\/label>\n\t\t\t\t\t\t\t\t\t\t\t\t\t\t<input size=\"1\" type=\"text\" name=\"form_fields[firstname]\" id=\"form-field-firstname\" class=\"elementor-field elementor-size-sm  elementor-field-textual\" required=\"required\">\n\t\t\t\t\t\t\t\t\t\t\t<\/div>\n\t\t\t\t\t\t\t\t<div class=\"elementor-field-type-text elementor-field-group elementor-column elementor-field-group-lastname elementor-col-50 elementor-field-required\">\n\t\t\t\t\t\t\t\t\t\t\t\t<label for=\"form-field-lastname\" class=\"elementor-field-label\">\n\t\t\t\t\t\t\t\tNazwisko\t\t\t\t\t\t\t<\/label>\n\t\t\t\t\t\t\t\t\t\t\t\t\t\t<input size=\"1\" type=\"text\" name=\"form_fields[lastname]\" id=\"form-field-lastname\" class=\"elementor-field elementor-size-sm  elementor-field-textual\" required=\"required\">\n\t\t\t\t\t\t\t\t\t\t\t<\/div>\n\t\t\t\t\t\t\t\t<div class=\"elementor-field-type-email elementor-field-group elementor-column elementor-field-group-emailaddress elementor-col-50 elementor-field-required\">\n\t\t\t\t\t\t\t\t\t\t\t\t<label for=\"form-field-emailaddress\" class=\"elementor-field-label\">\n\t\t\t\t\t\t\t\tAdres e-mail\t\t\t\t\t\t\t<\/label>\n\t\t\t\t\t\t\t\t\t\t\t\t\t\t<input size=\"1\" type=\"email\" name=\"form_fields[emailaddress]\" id=\"form-field-emailaddress\" class=\"elementor-field elementor-size-sm  elementor-field-textual\" required=\"required\">\n\t\t\t\t\t\t\t\t\t\t\t<\/div>\n\t\t\t\t\t\t\t\t<div class=\"elementor-field-type-tel elementor-field-group elementor-column elementor-field-group-phone_number elementor-col-50 elementor-field-required\">\n\t\t\t\t\t\t\t\t\t\t\t\t<label for=\"form-field-phone_number\" class=\"elementor-field-label\">\n\t\t\t\t\t\t\t\tNumer telefonu\t\t\t\t\t\t\t<\/label>\n\t\t\t\t\t\t\t\t<input size=\"1\" type=\"tel\" name=\"form_fields[phone_number]\" id=\"form-field-phone_number\" class=\"elementor-field elementor-size-sm  elementor-field-textual\" required=\"required\" pattern=\"[0-9()#&amp;+*-=.]+\" title=\"Only numbers and phone characters (#, -, *, etc) are accepted.\">\n\n\t\t\t\t\t\t<\/div>\n\t\t\t\t\t\t\t\t<div class=\"elementor-field-type-checkbox elementor-field-group elementor-column elementor-field-group-interested elementor-col-100\">\n\t\t\t\t\t\t\t\t\t\t\t\t<label for=\"form-field-interested\" class=\"elementor-field-label\">\n\t\t\t\t\t\t\t\tCzym jeste\u015bcie zainteresowani?\t\t\t\t\t\t\t<\/label>\n\t\t\t\t\t\t<div class=\"elementor-field-subgroup  \"><span class=\"elementor-field-option\"><input type=\"checkbox\" value=\"PE\u0141NA ORGANIZACJA \u015aLUBU I WESELA\" id=\"form-field-interested-0\" name=\"form_fields[interested][]\"> <label for=\"form-field-interested-0\">PE\u0141NA ORGANIZACJA \u015aLUBU I WESELA<\/label><\/span><span class=\"elementor-field-option\"><input type=\"checkbox\" value=\"KOORDYNACJA DNIA \u015aLUBU\" id=\"form-field-interested-1\" name=\"form_fields[interested][]\"> <label for=\"form-field-interested-1\">KOORDYNACJA DNIA \u015aLUBU<\/label><\/span><span class=\"elementor-field-option\"><input type=\"checkbox\" value=\"\u015aLUB ZA GRANIC\u0104\" id=\"form-field-interested-2\" name=\"form_fields[interested][]\"> <label for=\"form-field-interested-2\">\u015aLUB ZA GRANIC\u0104<\/label><\/span><span class=\"elementor-field-option\"><input type=\"checkbox\" value=\"INNE\" id=\"form-field-interested-3\" name=\"form_fields[interested][]\"> <label for=\"form-field-interested-3\">INNE<\/label><\/span><\/div>\t\t\t\t<\/div>\n\t\t\t\t\t\t\t\t<div class=\"elementor-field-type-date elementor-field-group elementor-column elementor-field-group-field_129e4fc elementor-col-50 elementor-field-required\">\n\t\t\t\t\t\t\t\t\t\t\t\t<label for=\"form-field-field_129e4fc\" class=\"elementor-field-label\">\n\t\t\t\t\t\t\t\tPreeferowana data\t\t\t\t\t\t\t<\/label>\n\t\t\t\t\t\t\n\t\t<input type=\"date\" name=\"form_fields[field_129e4fc]\" id=\"form-field-field_129e4fc\" class=\"elementor-field elementor-size-sm  elementor-field-textual elementor-date-field\" required=\"required\" pattern=\"[0-9]{4}-[0-9]{2}-[0-9]{2}\">\n\t\t\t\t\t\t<\/div>\n\t\t\t\t\t\t\t\t<div class=\"elementor-field-type-text elementor-field-group elementor-column elementor-field-group-field_1cd337b elementor-col-50 elementor-field-required\">\n\t\t\t\t\t\t\t\t\t\t\t\t<label for=\"form-field-field_1cd337b\" class=\"elementor-field-label\">\n\t\t\t\t\t\t\t\tLokalizacja\t\t\t\t\t\t\t<\/label>\n\t\t\t\t\t\t\t\t\t\t\t\t\t\t<input size=\"1\" type=\"text\" name=\"form_fields[field_1cd337b]\" id=\"form-field-field_1cd337b\" class=\"elementor-field elementor-size-sm  elementor-field-textual\" required=\"required\">\n\t\t\t\t\t\t\t\t\t\t\t<\/div>\n\t\t\t\t\t\t\t\t<div class=\"elementor-field-type-textarea elementor-field-group elementor-column elementor-field-group-message elementor-col-100 elementor-field-required\">\n\t\t\t\t\t\t\t\t\t\t\t\t<label for=\"form-field-message\" class=\"elementor-field-label\">\n\t\t\t\t\t\t\t\tMiejsce na Twoj\u0105 wiadomo\u015b\u0107\t\t\t\t\t\t\t<\/label>\n\t\t\t\t\t\t<textarea class=\"elementor-field-textual elementor-field  elementor-size-sm\" name=\"form_fields[message]\" id=\"form-field-message\" rows=\"8\" required=\"required\"><\/textarea>\t\t\t\t<\/div>\n\t\t\t\t\t\t\t\t<div class=\"elementor-field-group elementor-column elementor-field-type-submit elementor-col-100 e-form__buttons\">\n\t\t\t\t\t<button class=\"elementor-button elementor-size-sm\" type=\"submit\">\n\t\t\t\t\t\t<span class=\"elementor-button-content-wrapper\">\n\t\t\t\t\t\t\t\t\t\t\t\t\t\t\t\t\t\t\t\t\t\t<span class=\"elementor-button-text\">Wy\u015blij zapytanie<\/span>\n\t\t\t\t\t\t\t\t\t\t\t\t\t<\/span>\n\t\t\t\t\t<\/button>\n\t\t\t\t<\/div>\n\t\t\t<\/div>\n\t\t<\/form>\n\t\t\t\t\t\t<\/div>\n\t\t\t\t<\/div>\n\t\t\t\t\t<\/div>\n\t\t\t\t<\/div>\n\t\t\t\t<\/div>\n\t\t","protected":false},"excerpt":{"rendered":"<p>Zr\u00f3b pierwszy krok Pierwszym krokiem do wymarzonego \u015blubu jest rozmowa. Opowiedz mi o swojej wizji,\u00a0a ja poka\u017c\u0119 Ci, jak zamieni\u0107 j\u0105 w rzeczywisto\u015b\u0107. (+48) 574 977 936 Numer telefonu biuro@superstarweddings.pl Adres e-mail Warszawa | Krak\u00f3w | Ca\u0142a Polska Lokalizacja<\/p>\n","protected":false},"author":1,"featured_media":0,"parent":0,"menu_order":0,"comment_status":"closed","ping_status":"closed","template":"","meta":{"footnotes":""},"class_list":["post-222","page","type-page","status-publish","hentry"],"_links":{"self":[{"href":"https:\/\/wizualna-test.eu\/index.php?rest_route=\/wp\/v2\/pages\/222","targetHints":{"allow":["GET"]}}],"collection":[{"href":"https:\/\/wizualna-test.eu\/index.php?rest_route=\/wp\/v2\/pages"}],"about":[{"href":"https:\/\/wizualna-test.eu\/index.php?rest_route=\/wp\/v2\/types\/page"}],"author":[{"embeddable":true,"href":"https:\/\/wizualna-test.eu\/index.php?rest_route=\/wp\/v2\/users\/1"}],"replies":[{"embeddable":true,"href":"https:\/\/wizualna-test.eu\/index.php?rest_route=%2Fwp%2Fv2%2Fcomments&post=222"}],"version-history":[{"count":10,"href":"https:\/\/wizualna-test.eu\/index.php?rest_route=\/wp\/v2\/pages\/222\/revisions"}],"predecessor-version":[{"id":988,"href":"https:\/\/wizualna-test.eu\/index.php?rest_route=\/wp\/v2\/pages\/222\/revisions\/988"}],"wp:attachment":[{"href":"https:\/\/wizualna-test.eu\/index.php?rest_route=%2Fwp%2Fv2%2Fmedia&parent=222"}],"curies":[{"name":"wp","href":"https:\/\/api.w.org\/{rel}","templated":true}]}}