{"id":220,"date":"2025-12-10T04:55:53","date_gmt":"2025-12-10T03:55:53","guid":{"rendered":"https:\/\/wizualna-test.eu\/?page_id=220"},"modified":"2026-03-04T15:28:33","modified_gmt":"2026-03-04T14:28:33","slug":"o-mnie","status":"publish","type":"page","link":"https:\/\/wizualna-test.eu\/?page_id=220","title":{"rendered":"O mnie"},"content":{"rendered":"\t\t<div data-elementor-type=\"wp-page\" data-elementor-id=\"220\" class=\"elementor elementor-220\" data-elementor-post-type=\"page\">\n\t\t\t\t<div class=\"elementor-element elementor-element-e41b7df e-flex e-con-boxed e-con e-parent\" data-id=\"e41b7df\" data-element_type=\"container\" data-settings=\"{&quot;background_background&quot;:&quot;classic&quot;}\">\n\t\t\t\t\t<div class=\"e-con-inner\">\n\t\t\t\t\t<\/div>\n\t\t\t\t<\/div>\n\t\t<div class=\"elementor-element elementor-element-e796f45 e-flex e-con-boxed e-con e-parent\" data-id=\"e796f45\" data-element_type=\"container\" data-settings=\"{&quot;background_background&quot;:&quot;classic&quot;}\">\n\t\t\t\t\t<div class=\"e-con-inner\">\n\t\t<div class=\"elementor-element elementor-element-c11bd17 e-con-full e-flex e-con e-child\" data-id=\"c11bd17\" data-element_type=\"container\">\n\t\t<div class=\"elementor-element elementor-element-fbf8458 e-con-full e-flex e-con e-child\" data-id=\"fbf8458\" data-element_type=\"container\" data-settings=\"{&quot;background_background&quot;:&quot;classic&quot;}\">\n\t\t<div class=\"elementor-element elementor-element-a39fb20 e-con-full e-flex e-con e-child\" data-id=\"a39fb20\" data-element_type=\"container\" data-settings=\"{&quot;background_background&quot;:&quot;classic&quot;}\">\n\t\t\t\t<\/div>\n\t\t<div class=\"elementor-element elementor-element-e037223 e-con-full e-flex e-con e-child\" data-id=\"e037223\" data-element_type=\"container\" data-settings=\"{&quot;background_background&quot;:&quot;classic&quot;}\">\n\t\t\t\t<div class=\"elementor-element elementor-element-f80a79f elementor-widget__width-initial elementor-widget elementor-widget-heading\" data-id=\"f80a79f\" data-element_type=\"widget\" data-widget_type=\"heading.default\">\n\t\t\t\t\t<h2 class=\"elementor-heading-title elementor-size-default\">Ka\u017cdy \u015blub to inna opowie\u015b\u0107.<\/h2>\t\t\t\t<\/div>\n\t\t\t\t<div class=\"elementor-element elementor-element-d502d7b elementor-widget__width-initial elementor-widget elementor-widget-heading\" data-id=\"d502d7b\" data-element_type=\"widget\" data-widget_type=\"heading.default\">\n\t\t\t\t\t<h2 class=\"elementor-heading-title elementor-size-default\">O marzeniach, emocjach \ni drobnych decyzjach,&nbsp;<div>kt\u00f3re buduj\u0105 wielkie chwile.<span style=\"letter-spacing: var( --e-global-typography-secondary-letter-spacing );text-decoration: var( --e-global-typography-secondary-text-decoration )\"><\/span><\/div><\/h2>\t\t\t\t<\/div>\n\t\t\t\t<div class=\"elementor-element elementor-element-6787213 elementor-hidden-mobile elementor-widget elementor-widget-spacer\" data-id=\"6787213\" data-element_type=\"widget\" data-widget_type=\"spacer.default\">\n\t\t\t\t\t\t\t<div class=\"elementor-spacer\">\n\t\t\t<div class=\"elementor-spacer-inner\"><\/div>\n\t\t<\/div>\n\t\t\t\t\t\t<\/div>\n\t\t\t\t<div class=\"elementor-element elementor-element-9cf51fa elementor-widget__width-initial elementor-widget elementor-widget-text-editor\" data-id=\"9cf51fa\" data-element_type=\"widget\" data-widget_type=\"text-editor.default\">\n\t\t\t\t\t\t\t\t\t<p>Nazywam si\u0119 Alina Adamczyk. Od lat pomagam Parom M\u0142odym w tworzeniu \u015blub\u00f3w, kt\u00f3re odzwierciedlaj\u0105 <br \/>ich marzenia i osobowo\u015b\u0107.\u00a0<br \/><span style=\"font-family: var( --e-global-typography-text-font-family ), Sans-serif; font-style: var( --e-global-typography-text-font-style ); letter-spacing: var( --e-global-typography-text-letter-spacing ); text-transform: var( --e-global-typography-text-text-transform ); text-decoration: var( --e-global-typography-text-text-decoration );\">Moim celem jest, aby dzie\u0144 \u015blubu by\u0142 nie tylko pi\u0119kny, <br \/>ale te\u017c spokojny i bezpieczny dzi\u0119ki profesjonalnej organizacji i pe\u0142nemu wsparciu. <br \/>Nasz\u0105 rol\u0105 jest, aby\u015bcie w tym dniu mogli by\u0107 <br \/>w pe\u0142ni obecni, a my zajmiemy si\u0119 reszt\u0105.\u00a0<\/span><\/p>\t\t\t\t\t\t\t\t<\/div>\n\t\t\t\t<div class=\"elementor-element elementor-element-b5239e5 elementor-align-center elementor-widget elementor-widget-button\" data-id=\"b5239e5\" data-element_type=\"widget\" data-widget_type=\"button.default\">\n\t\t\t\t\t\t\t\t\t\t<a class=\"elementor-button elementor-button-link elementor-size-sm\" href=\"https:\/\/wizualna-test.eu\/?page_id=220\">\n\t\t\t\t\t\t<span class=\"elementor-button-content-wrapper\">\n\t\t\t\t\t\t\t\t\t<span class=\"elementor-button-text\">Poznaj moj\u0105 histori\u0119<\/span>\n\t\t\t\t\t<\/span>\n\t\t\t\t\t<\/a>\n\t\t\t\t\t\t\t\t<\/div>\n\t\t\t\t<\/div>\n\t\t\t\t<\/div>\n\t\t\t\t<\/div>\n\t\t\t\t\t<\/div>\n\t\t\t\t<\/div>\n\t\t<div class=\"elementor-element elementor-element-64a2ed76 e-con-full e-flex e-con e-parent\" data-id=\"64a2ed76\" data-element_type=\"container\">\n\t\t\t\t<div class=\"elementor-element elementor-element-5bbdd45c elementor-widget elementor-widget-gallery\" data-id=\"5bbdd45c\" data-element_type=\"widget\" data-settings=\"{&quot;gap&quot;:{&quot;unit&quot;:&quot;px&quot;,&quot;size&quot;:0,&quot;sizes&quot;:[]},&quot;aspect_ratio&quot;:&quot;9:16&quot;,&quot;image_hover_animation&quot;:&quot;grow&quot;,&quot;columns_tablet&quot;:3,&quot;columns_mobile&quot;:2,&quot;gap_tablet&quot;:{&quot;unit&quot;:&quot;px&quot;,&quot;size&quot;:0,&quot;sizes&quot;:[]},&quot;gap_mobile&quot;:{&quot;unit&quot;:&quot;px&quot;,&quot;size&quot;:0,&quot;sizes&quot;:[]},&quot;columns&quot;:6,&quot;lazyload&quot;:&quot;yes&quot;,&quot;gallery_layout&quot;:&quot;grid&quot;,&quot;link_to&quot;:&quot;file&quot;,&quot;content_hover_animation&quot;:&quot;fade-in&quot;}\" data-widget_type=\"gallery.default\">\n\t\t\t\t\t\t\t<div class=\"elementor-gallery__container\">\n\t\t\t\t\t\t\t<a class=\"e-gallery-item elementor-gallery-item elementor-animated-content\" href=\"https:\/\/wizualna-test.eu\/wp-content\/uploads\/2025\/12\/13.png\" data-elementor-open-lightbox=\"yes\" data-elementor-lightbox-slideshow=\"5bbdd45c\" data-elementor-lightbox-title=\"13\" data-e-action-hash=\"#elementor-action%3Aaction%3Dlightbox%26settings%3DeyJpZCI6NjIzLCJ1cmwiOiJodHRwczpcL1wvd2l6dWFsbmEtdGVzdC5ldVwvd3AtY29udGVudFwvdXBsb2Fkc1wvMjAyNVwvMTJcLzEzLnBuZyIsInNsaWRlc2hvdyI6IjViYmRkNDVjIn0%3D\">\n\t\t\t\t\t<div class=\"e-gallery-image elementor-gallery-item__image\" data-thumbnail=\"https:\/\/wizualna-test.eu\/wp-content\/uploads\/2025\/12\/13-768x960.png\" data-width=\"768\" data-height=\"960\" aria-label=\"\" role=\"img\" ><\/div>\n\t\t\t\t\t\t\t\t\t\t\t\t\t\t<\/a>\n\t\t\t\t\t\t\t<a class=\"e-gallery-item elementor-gallery-item elementor-animated-content\" href=\"https:\/\/wizualna-test.eu\/wp-content\/uploads\/2025\/12\/14.png\" data-elementor-open-lightbox=\"yes\" data-elementor-lightbox-slideshow=\"5bbdd45c\" data-elementor-lightbox-title=\"14\" data-e-action-hash=\"#elementor-action%3Aaction%3Dlightbox%26settings%3DeyJpZCI6NjI0LCJ1cmwiOiJodHRwczpcL1wvd2l6dWFsbmEtdGVzdC5ldVwvd3AtY29udGVudFwvdXBsb2Fkc1wvMjAyNVwvMTJcLzE0LnBuZyIsInNsaWRlc2hvdyI6IjViYmRkNDVjIn0%3D\">\n\t\t\t\t\t<div class=\"e-gallery-image elementor-gallery-item__image\" data-thumbnail=\"https:\/\/wizualna-test.eu\/wp-content\/uploads\/2025\/12\/14-768x960.png\" data-width=\"768\" data-height=\"960\" aria-label=\"\" role=\"img\" ><\/div>\n\t\t\t\t\t\t\t\t\t\t\t\t\t\t<\/a>\n\t\t\t\t\t\t\t<a class=\"e-gallery-item elementor-gallery-item elementor-animated-content\" href=\"https:\/\/wizualna-test.eu\/wp-content\/uploads\/2025\/12\/15.png\" data-elementor-open-lightbox=\"yes\" data-elementor-lightbox-slideshow=\"5bbdd45c\" data-elementor-lightbox-title=\"15\" data-e-action-hash=\"#elementor-action%3Aaction%3Dlightbox%26settings%3DeyJpZCI6NjI1LCJ1cmwiOiJodHRwczpcL1wvd2l6dWFsbmEtdGVzdC5ldVwvd3AtY29udGVudFwvdXBsb2Fkc1wvMjAyNVwvMTJcLzE1LnBuZyIsInNsaWRlc2hvdyI6IjViYmRkNDVjIn0%3D\">\n\t\t\t\t\t<div class=\"e-gallery-image elementor-gallery-item__image\" data-thumbnail=\"https:\/\/wizualna-test.eu\/wp-content\/uploads\/2025\/12\/15-768x960.png\" data-width=\"768\" data-height=\"960\" aria-label=\"\" role=\"img\" ><\/div>\n\t\t\t\t\t\t\t\t\t\t\t\t\t\t<\/a>\n\t\t\t\t\t\t\t<a class=\"e-gallery-item elementor-gallery-item elementor-animated-content\" href=\"https:\/\/wizualna-test.eu\/wp-content\/uploads\/2025\/12\/16.png\" data-elementor-open-lightbox=\"yes\" data-elementor-lightbox-slideshow=\"5bbdd45c\" data-elementor-lightbox-title=\"16\" data-e-action-hash=\"#elementor-action%3Aaction%3Dlightbox%26settings%3DeyJpZCI6NjI2LCJ1cmwiOiJodHRwczpcL1wvd2l6dWFsbmEtdGVzdC5ldVwvd3AtY29udGVudFwvdXBsb2Fkc1wvMjAyNVwvMTJcLzE2LnBuZyIsInNsaWRlc2hvdyI6IjViYmRkNDVjIn0%3D\">\n\t\t\t\t\t<div class=\"e-gallery-image elementor-gallery-item__image\" data-thumbnail=\"https:\/\/wizualna-test.eu\/wp-content\/uploads\/2025\/12\/16-768x960.png\" data-width=\"768\" data-height=\"960\" aria-label=\"\" role=\"img\" ><\/div>\n\t\t\t\t\t\t\t\t\t\t\t\t\t\t<\/a>\n\t\t\t\t\t\t\t<a class=\"e-gallery-item elementor-gallery-item elementor-animated-content\" href=\"https:\/\/wizualna-test.eu\/wp-content\/uploads\/2025\/12\/17.png\" data-elementor-open-lightbox=\"yes\" data-elementor-lightbox-slideshow=\"5bbdd45c\" data-elementor-lightbox-title=\"17\" data-e-action-hash=\"#elementor-action%3Aaction%3Dlightbox%26settings%3DeyJpZCI6NjI3LCJ1cmwiOiJodHRwczpcL1wvd2l6dWFsbmEtdGVzdC5ldVwvd3AtY29udGVudFwvdXBsb2Fkc1wvMjAyNVwvMTJcLzE3LnBuZyIsInNsaWRlc2hvdyI6IjViYmRkNDVjIn0%3D\">\n\t\t\t\t\t<div class=\"e-gallery-image elementor-gallery-item__image\" data-thumbnail=\"https:\/\/wizualna-test.eu\/wp-content\/uploads\/2025\/12\/17-768x960.png\" data-width=\"768\" data-height=\"960\" aria-label=\"\" role=\"img\" ><\/div>\n\t\t\t\t\t\t\t\t\t\t\t\t\t\t<\/a>\n\t\t\t\t\t\t\t<a class=\"e-gallery-item elementor-gallery-item elementor-animated-content\" href=\"https:\/\/wizualna-test.eu\/wp-content\/uploads\/2025\/12\/q-2.png\" data-elementor-open-lightbox=\"yes\" data-elementor-lightbox-slideshow=\"5bbdd45c\" data-elementor-lightbox-title=\"q\" data-e-action-hash=\"#elementor-action%3Aaction%3Dlightbox%26settings%3DeyJpZCI6NjMwLCJ1cmwiOiJodHRwczpcL1wvd2l6dWFsbmEtdGVzdC5ldVwvd3AtY29udGVudFwvdXBsb2Fkc1wvMjAyNVwvMTJcL3EtMi5wbmciLCJzbGlkZXNob3ciOiI1YmJkZDQ1YyJ9\">\n\t\t\t\t\t<div class=\"e-gallery-image elementor-gallery-item__image\" data-thumbnail=\"https:\/\/wizualna-test.eu\/wp-content\/uploads\/2025\/12\/q-2-768x960.png\" data-width=\"768\" data-height=\"960\" aria-label=\"\" role=\"img\" ><\/div>\n\t\t\t\t\t\t\t\t\t\t\t\t\t\t<\/a>\n\t\t\t\t\t<\/div>\n\t\t\t\t\t<\/div>\n\t\t\t\t<\/div>\n\t\t<div class=\"elementor-element elementor-element-3d6ab034 e-flex e-con-boxed e-con e-parent\" data-id=\"3d6ab034\" data-element_type=\"container\">\n\t\t\t\t\t<div class=\"e-con-inner\">\n\t\t\t\t<div class=\"elementor-element elementor-element-4784b1e1 elementor-widget__width-initial elementor-widget-mobile__width-inherit elementor-widget elementor-widget-heading\" data-id=\"4784b1e1\" data-element_type=\"widget\" data-widget_type=\"heading.default\">\n\t\t\t\t\t<h2 class=\"elementor-heading-title elementor-size-default\">Wasz spok\u00f3j.&nbsp;<div>Moja odpowiedzialno\u015b\u0107.<span style=\"letter-spacing: 0px\"><\/span><\/div><\/h2>\t\t\t\t<\/div>\n\t\t\t\t<div class=\"elementor-element elementor-element-93f159f elementor-widget__width-initial elementor-widget-mobile__width-inherit elementor-widget elementor-widget-heading\" data-id=\"93f159f\" data-element_type=\"widget\" data-widget_type=\"heading.default\">\n\t\t\t\t\t<h2 class=\"elementor-heading-title elementor-size-default\">Wsp\u00f3lny efekt.<\/h2>\t\t\t\t<\/div>\n\t\t\t\t<div class=\"elementor-element elementor-element-565c78c8 elementor-widget__width-initial elementor-widget-mobile__width-inherit elementor-invisible elementor-widget elementor-widget-image-box\" data-id=\"565c78c8\" data-element_type=\"widget\" data-settings=\"{&quot;_animation&quot;:&quot;fadeInUp&quot;}\" data-widget_type=\"image-box.default\">\n\t\t\t\t\t<div class=\"elementor-image-box-wrapper\"><div class=\"elementor-image-box-content\"><h3 class=\"elementor-image-box-title\">Moja historia<\/h3><p class=\"elementor-image-box-description\">Moja droga do pracy wedding plannerki zacz\u0119\u0142a si\u0119 wiele lat temu \u2014 od fascynacji pi\u0119knem, detalem i emocjami, kt\u00f3re towarzysz\u0105 dniu \u015blubu. Zrealizowa\u0142am niezliczone uroczysto\u015bci, poznaj\u0105c r\u00f3\u017cne style, potrzeby i oczekiwania Par M\u0142odych. Dzi\u0119ki temu nauczy\u0142am si\u0119 dostrzega\u0107 zar\u00f3wno wielkie, wzruszaj\u0105ce momenty, jak i te ma\u0142e, cz\u0119sto pomijane detale, kt\u00f3re tworz\u0105 unikalny charakter ka\u017cdej uroczysto\u015bci.\nDzi\u015b \u0142\u0105cz\u0119 do\u015bwiadczenie z intuicj\u0105 i wra\u017cliwo\u015bci\u0105, aby pomaga\u0107 Wam prze\u017cy\u0107 dzie\u0144, o kt\u00f3rym b\u0119dziecie pami\u0119ta\u0107 przez ca\u0142e \u017cycie.<\/p><\/div><\/div>\t\t\t\t<\/div>\n\t\t\t\t<div class=\"elementor-element elementor-element-6a22f9a9 elementor-widget__width-initial elementor-widget-mobile__width-inherit animated-slow elementor-invisible elementor-widget elementor-widget-image-box\" data-id=\"6a22f9a9\" data-element_type=\"widget\" data-settings=\"{&quot;_animation&quot;:&quot;fadeInUp&quot;}\" data-widget_type=\"image-box.default\">\n\t\t\t\t\t<div class=\"elementor-image-box-wrapper\"><div class=\"elementor-image-box-content\"><h3 class=\"elementor-image-box-title\">M\u00f3j styl pracy<\/h3><p class=\"elementor-image-box-description\">M\u00f3j styl pracy opiera si\u0119 na autentyczno\u015bci, uwa\u017cno\u015bci i harmonii. Tworz\u0119 wydarzenia, kt\u00f3re s\u0105 naturalne, eleganckie i dopasowane do Waszej historii. Dbam o prawdziwe emocje, p\u0142ynno\u015b\u0107 przebiegu uroczysto\u015bci i komfort Pary M\u0142odej oraz go\u015bci.\nMoim celem jest to, by\u015bcie czuli si\u0119 zaopiekowani, spokojni i pewni, \u017ce ka\u017cdy element \u2014 od dekoracji po logistyk\u0119 \u2014 zosta\u0142 przemy\u015blany i perfekcyjnie zrealizowany. Dzi\u0119ki temu Wasz dzie\u0144 mo\u017ce toczy\u0107 si\u0119 w swoim rytmie, a Wy mo\u017cecie skupi\u0107 si\u0119 na tym, co naprawd\u0119 wa\u017cne.<\/p><\/div><\/div>\t\t\t\t<\/div>\n\t\t\t\t\t<\/div>\n\t\t\t\t<\/div>\n\t\t<div class=\"elementor-element elementor-element-2c31f88 e-flex e-con-boxed e-con e-parent\" data-id=\"2c31f88\" data-element_type=\"container\">\n\t\t\t\t\t<div class=\"e-con-inner\">\n\t\t<div class=\"elementor-element elementor-element-8d75a27 e-con-full e-flex e-con e-child\" data-id=\"8d75a27\" data-element_type=\"container\">\n\t\t<div class=\"elementor-element elementor-element-98c7f34 e-con-full e-flex e-con e-child\" data-id=\"98c7f34\" data-element_type=\"container\" data-settings=\"{&quot;background_background&quot;:&quot;classic&quot;}\">\n\t\t\t\t<\/div>\n\t\t<div class=\"elementor-element elementor-element-56baaa7 e-con-full e-flex e-con e-child\" data-id=\"56baaa7\" data-element_type=\"container\" data-settings=\"{&quot;background_background&quot;:&quot;classic&quot;}\">\n\t\t\t\t<div class=\"elementor-element elementor-element-962a3ad elementor-testimonial--align-left elementor-widget-mobile__width-inherit elementor-testimonial--tablet-align-center elementor-widget-tablet__width-inherit elementor-testimonial--layout-image_above elementor-testimonial--skin-default elementor-widget elementor-widget-testimonial-carousel\" data-id=\"962a3ad\" data-element_type=\"widget\" data-settings=\"{&quot;slides_per_view&quot;:&quot;1&quot;,&quot;slides_to_scroll&quot;:&quot;1&quot;,&quot;space_between&quot;:{&quot;unit&quot;:&quot;px&quot;,&quot;size&quot;:0,&quot;sizes&quot;:[]},&quot;speed&quot;:600,&quot;loop&quot;:&quot;yes&quot;,&quot;space_between_tablet&quot;:{&quot;unit&quot;:&quot;px&quot;,&quot;size&quot;:10,&quot;sizes&quot;:[]},&quot;space_between_mobile&quot;:{&quot;unit&quot;:&quot;px&quot;,&quot;size&quot;:10,&quot;sizes&quot;:[]}}\" data-widget_type=\"testimonial-carousel.default\">\n\t\t\t\t\t\t\t\t\t\t<div class=\"elementor-main-swiper swiper\" role=\"region\" aria-roledescription=\"carousel\" aria-label=\"Slides\">\n\t\t\t\t<div class=\"swiper-wrapper\">\n\t\t\t\t\t\t\t\t\t\t\t<div class=\"swiper-slide\" role=\"group\" aria-roledescription=\"slide\">\n\t\t\t\t\t\t\t\t\t<div class=\"elementor-testimonial\">\n\t\t\t\t\t\t\t<div class=\"elementor-testimonial__content\">\n\t\t\t\t\t<div class=\"elementor-testimonial__text\">\n\t\t\t\t\t\t\u201eWsp\u00f3\u0142praca z Superstar Weddings by\u0142a jedn\u0105 z najlepszych decyzji podczas przygotowa\u0144 do \u015blubu. Wszystko zosta\u0142o zaplanowane z ogromn\u0105 staranno\u015bci\u0105, a ka\u017cdy detal dopracowany tak, jak sobie wymarzyli\u015bmy. W dniu \u015blubu mogli\u015bmy skupi\u0107 si\u0119 tylko na sobie, bo ca\u0142y harmonogram, dekoracje i koordynacja by\u0142y w najlepszych r\u0119kach. Go\u015bcie do dzi\u015b wspominaj\u0105 atmosfer\u0119 i pi\u0119kn\u0105 opraw\u0119 ceremonii.\"\t\t\t\t\t<\/div>\n\t\t\t\t\t<cite class=\"elementor-testimonial__cite\"><span class=\"elementor-testimonial__name\">Ania i Janek<\/span><\/cite>\t\t\t\t<\/div>\n\t\t\t\t\t\t<div class=\"elementor-testimonial__footer\">\n\t\t\t\t\t\t\t\t\t\t\t<\/div>\n\t\t<\/div>\n\t\t\t\t\t\t\t\t<\/div>\n\t\t\t\t\t\t\t\t\t\t\t<div class=\"swiper-slide\" role=\"group\" aria-roledescription=\"slide\">\n\t\t\t\t\t\t\t\t\t<div class=\"elementor-testimonial\">\n\t\t\t\t\t\t\t<div class=\"elementor-testimonial__content\">\n\t\t\t\t\t<div class=\"elementor-testimonial__text\">\n\t\t\t\t\t\t\u201eDzi\u0119kujemy za stworzenie dla nas dnia, kt\u00f3ry przer\u00f3s\u0142 nasze oczekiwania. Od pierwszego spotkania czuli\u015bmy pe\u0142ne zrozumienie naszego stylu i potrzeb. Wszystko odby\u0142o si\u0119 p\u0142ynnie, bez stresu i z du\u017c\u0105 kultur\u0105 pracy. Profesjonalizm, estetyka i opieka nad ka\u017cdym szczeg\u00f3\u0142em sprawi\u0142y, \u017ce nasz \u015blub wygl\u0105da\u0142 jak z magazynu.\"\t\t\t\t\t<\/div>\n\t\t\t\t\t<cite class=\"elementor-testimonial__cite\"><span class=\"elementor-testimonial__name\">Maria i Dominik<\/span><\/cite>\t\t\t\t<\/div>\n\t\t\t\t\t\t<div class=\"elementor-testimonial__footer\">\n\t\t\t\t\t\t\t\t\t\t\t<\/div>\n\t\t<\/div>\n\t\t\t\t\t\t\t\t<\/div>\n\t\t\t\t\t\t\t\t\t\t\t<div class=\"swiper-slide\" role=\"group\" aria-roledescription=\"slide\">\n\t\t\t\t\t\t\t\t\t<div class=\"elementor-testimonial\">\n\t\t\t\t\t\t\t<div class=\"elementor-testimonial__content\">\n\t\t\t\t\t<div class=\"elementor-testimonial__text\">\n\t\t\t\t\t\t\u201eZ ca\u0142ego serca polecamy! Organizacja by\u0142a perfekcyjna, a dekoracje dopasowane do naszej wizji w najdrobniejszych szczeg\u00f3\u0142ach. Dzi\u0119ki zaanga\u017cowaniu Superstar Weddings nasz dzie\u0144 by\u0142 pi\u0119kny, sp\u00f3jny stylistycznie i w pe\u0142ni zgodny z tym, o czym marzyli\u015bmy. Czuli\u015bmy si\u0119 prowadzeni i zaopiekowani na ka\u017cdym etapie, co da\u0142o nam ogromny spok\u00f3j i pewno\u015b\u0107, \u017ce wszystko p\u00f3jdzie idealnie.\"\t\t\t\t\t<\/div>\n\t\t\t\t\t<cite class=\"elementor-testimonial__cite\"><span class=\"elementor-testimonial__name\">Joanna i Kamil<\/span><\/cite>\t\t\t\t<\/div>\n\t\t\t\t\t\t<div class=\"elementor-testimonial__footer\">\n\t\t\t\t\t\t\t\t\t\t\t<\/div>\n\t\t<\/div>\n\t\t\t\t\t\t\t\t<\/div>\n\t\t\t\t\t\t\t\t\t<\/div>\n\t\t\t\t\t\t\t\t\t\t\t\t\t\t\t\t\t\t\t\t\t<\/div>\n\t\t\t\t\t\t\t\t<\/div>\n\t\t\t\t<\/div>\n\t\t\t\t<\/div>\n\t\t\t\t\t<\/div>\n\t\t\t\t<\/div>\n\t\t<div class=\"elementor-element elementor-element-a732283 e-flex e-con-boxed e-con e-parent\" data-id=\"a732283\" data-element_type=\"container\" data-settings=\"{&quot;background_background&quot;:&quot;classic&quot;}\">\n\t\t\t\t\t<div class=\"e-con-inner\">\n\t\t\t\t<div class=\"elementor-element elementor-element-f059f43 elementor-widget elementor-widget-heading\" data-id=\"f059f43\" data-element_type=\"widget\" data-widget_type=\"heading.default\">\n\t\t\t\t\t<h1 class=\"elementor-heading-title elementor-size-default\">Kontakt<\/h1>\t\t\t\t<\/div>\n\t\t\t\t<div class=\"elementor-element elementor-element-7064906 elementor-widget__width-initial elementor-invisible elementor-widget elementor-widget-heading\" data-id=\"7064906\" data-element_type=\"widget\" data-settings=\"{&quot;_animation&quot;:&quot;fadeIn&quot;,&quot;_animation_delay&quot;:200}\" data-widget_type=\"heading.default\">\n\t\t\t\t\t<h2 class=\"elementor-heading-title elementor-size-default\">Porozmawiajmy<\/h2>\t\t\t\t<\/div>\n\t\t\t\t<div class=\"elementor-element elementor-element-5b7e0b0 elementor-widget__width-initial elementor-invisible elementor-widget elementor-widget-heading\" data-id=\"5b7e0b0\" data-element_type=\"widget\" data-settings=\"{&quot;_animation&quot;:&quot;fadeIn&quot;,&quot;_animation_delay&quot;:200}\" data-widget_type=\"heading.default\">\n\t\t\t\t\t<h2 class=\"elementor-heading-title elementor-size-default\">o Waszym \u015blubie.<\/h2>\t\t\t\t<\/div>\n\t\t\t\t<div class=\"elementor-element elementor-element-bbeea40 elementor-widget__width-initial elementor-invisible elementor-widget elementor-widget-text-editor\" data-id=\"bbeea40\" data-element_type=\"widget\" data-settings=\"{&quot;_animation&quot;:&quot;fadeIn&quot;,&quot;_animation_delay&quot;:400}\" data-widget_type=\"text-editor.default\">\n\t\t\t\t\t\t\t\t\t<p>Opowiedzcie mi o swoim dniu \u2014 stworz\u0119 plan, kt\u00f3ry poprowadzi <br \/>Was do pi\u0119knej, sp\u00f3jnej i wyj\u0105tkowej uroczysto\u015bci. <br \/>Czekam na Wasz\u0105 wiadomo\u015b\u0107.<\/p>\t\t\t\t\t\t\t\t<\/div>\n\t\t<div class=\"elementor-element elementor-element-dbb632c e-con-full e-flex e-con e-child\" data-id=\"dbb632c\" data-element_type=\"container\">\n\t\t<div class=\"elementor-element elementor-element-d636130 e-con-full e-flex e-con e-child\" data-id=\"d636130\" data-element_type=\"container\">\n\t\t\t\t<div class=\"elementor-element elementor-element-600e236 elementor-align-left elementor-widget elementor-widget-button\" data-id=\"600e236\" data-element_type=\"widget\" data-widget_type=\"button.default\">\n\t\t\t\t\t\t\t\t\t\t<a class=\"elementor-button elementor-button-link elementor-size-sm\" href=\"https:\/\/wizualna-test.eu\/?page_id=222\">\n\t\t\t\t\t\t<span class=\"elementor-button-content-wrapper\">\n\t\t\t\t\t\t\t\t\t<span class=\"elementor-button-text\">Um\u00f3w swoj\u0105 konsultacj\u0119<\/span>\n\t\t\t\t\t<\/span>\n\t\t\t\t\t<\/a>\n\t\t\t\t\t\t\t\t<\/div>\n\t\t\t\t<\/div>\n\t\t\t\t<\/div>\n\t\t\t\t\t<\/div>\n\t\t\t\t<\/div>\n\t\t\t\t<\/div>\n\t\t","protected":false},"excerpt":{"rendered":"<p>Ka\u017cdy \u015blub to inna opowie\u015b\u0107. O marzeniach, emocjach i drobnych decyzjach,&nbsp;kt\u00f3re buduj\u0105 wielkie chwile. Nazywam si\u0119 Alina Adamczyk. Od lat pomagam Parom M\u0142odym w tworzeniu \u015blub\u00f3w, kt\u00f3re odzwierciedlaj\u0105 ich marzenia i osobowo\u015b\u0107.\u00a0Moim celem jest, aby dzie\u0144 \u015blubu by\u0142 nie tylko pi\u0119kny, ale te\u017c spokojny i bezpieczny dzi\u0119ki profesjonalnej organizacji i pe\u0142nemu wsparciu. Nasz\u0105 rol\u0105 jest, [&hellip;]<\/p>\n","protected":false},"author":1,"featured_media":0,"parent":0,"menu_order":0,"comment_status":"closed","ping_status":"closed","template":"elementor_header_footer","meta":{"footnotes":""},"class_list":["post-220","page","type-page","status-publish","hentry"],"_links":{"self":[{"href":"https:\/\/wizualna-test.eu\/index.php?rest_route=\/wp\/v2\/pages\/220","targetHints":{"allow":["GET"]}}],"collection":[{"href":"https:\/\/wizualna-test.eu\/index.php?rest_route=\/wp\/v2\/pages"}],"about":[{"href":"https:\/\/wizualna-test.eu\/index.php?rest_route=\/wp\/v2\/types\/page"}],"author":[{"embeddable":true,"href":"https:\/\/wizualna-test.eu\/index.php?rest_route=\/wp\/v2\/users\/1"}],"replies":[{"embeddable":true,"href":"https:\/\/wizualna-test.eu\/index.php?rest_route=%2Fwp%2Fv2%2Fcomments&post=220"}],"version-history":[{"count":43,"href":"https:\/\/wizualna-test.eu\/index.php?rest_route=\/wp\/v2\/pages\/220\/revisions"}],"predecessor-version":[{"id":968,"href":"https:\/\/wizualna-test.eu\/index.php?rest_route=\/wp\/v2\/pages\/220\/revisions\/968"}],"wp:attachment":[{"href":"https:\/\/wizualna-test.eu\/index.php?rest_route=%2Fwp%2Fv2%2Fmedia&parent=220"}],"curies":[{"name":"wp","href":"https:\/\/api.w.org\/{rel}","templated":true}]}}