{"id":1103,"date":"2026-03-25T12:12:34","date_gmt":"2026-03-25T11:12:34","guid":{"rendered":"https:\/\/wizualna-test.eu\/?page_id=1103"},"modified":"2026-03-25T12:18:48","modified_gmt":"2026-03-25T11:18:48","slug":"szkolenia-dla-przyszlych-wedding-plannerow","status":"publish","type":"page","link":"https:\/\/wizualna-test.eu\/?page_id=1103","title":{"rendered":"Szkolenia dla przysz\u0142ych Wedding Planner\u00f3w"},"content":{"rendered":"\t\t<div data-elementor-type=\"wp-page\" data-elementor-id=\"1103\" class=\"elementor elementor-1103\" data-elementor-post-type=\"page\">\n\t\t\t\t<div class=\"elementor-element elementor-element-5aa9382e e-flex e-con-boxed e-con e-parent\" data-id=\"5aa9382e\" data-element_type=\"container\" data-settings=\"{&quot;background_background&quot;:&quot;classic&quot;}\">\n\t\t\t\t\t<div class=\"e-con-inner\">\n\t\t\t\t\t<\/div>\n\t\t\t\t<\/div>\n\t\t<div class=\"elementor-element elementor-element-4f013e13 e-flex e-con-boxed e-con e-parent\" data-id=\"4f013e13\" data-element_type=\"container\" data-settings=\"{&quot;background_background&quot;:&quot;classic&quot;}\">\n\t\t\t\t\t<div class=\"e-con-inner\">\n\t\t<div class=\"elementor-element elementor-element-5c057e5e e-con-full e-flex e-con e-child\" data-id=\"5c057e5e\" data-element_type=\"container\">\n\t\t<div class=\"elementor-element elementor-element-23592d6a e-con-full e-flex e-con e-child\" data-id=\"23592d6a\" data-element_type=\"container\" data-settings=\"{&quot;background_background&quot;:&quot;classic&quot;}\">\n\t\t\t\t<\/div>\n\t\t<div class=\"elementor-element elementor-element-134c58a3 e-con-full e-flex e-con e-child\" data-id=\"134c58a3\" data-element_type=\"container\" data-settings=\"{&quot;background_background&quot;:&quot;classic&quot;}\">\n\t\t\t\t<div class=\"elementor-element elementor-element-218be6d9 elementor-widget elementor-widget-image-box\" data-id=\"218be6d9\" data-element_type=\"widget\" data-widget_type=\"image-box.default\">\n\t\t\t\t\t<div class=\"elementor-image-box-wrapper\"><div class=\"elementor-image-box-content\"><h2 class=\"elementor-image-box-title\">SZKOLENIA DLA PRZYSZ\u0141YCH WEDDING PLANNER\u00d3W<\/h2><\/div><\/div>\t\t\t\t<\/div>\n\t\t\t\t<div class=\"elementor-element elementor-element-50d7dddf elementor-widget__width-initial elementor-widget elementor-widget-text-editor\" data-id=\"50d7dddf\" data-element_type=\"widget\" data-widget_type=\"text-editor.default\">\n\t\t\t\t\t\t\t\t\t<p><span style=\"font-weight: 400;\">Szkolenia prowadzone przez Alin\u0119 Adamczyk to po\u0142\u0105czenie wieloletniego do\u015bwiadczenia, praktycznej wiedzy i realnego spojrzenia na bran\u017c\u0119 \u015blubn\u0105.<\/span><\/p>\t\t\t\t\t\t\t\t<\/div>\n\t\t\t\t<div class=\"elementor-element elementor-element-3d82f7dc elementor-widget-divider--view-line elementor-widget elementor-widget-divider\" data-id=\"3d82f7dc\" data-element_type=\"widget\" data-widget_type=\"divider.default\">\n\t\t\t\t\t\t\t<div class=\"elementor-divider\">\n\t\t\t<span class=\"elementor-divider-separator\">\n\t\t\t\t\t\t<\/span>\n\t\t<\/div>\n\t\t\t\t\t\t<\/div>\n\t\t\t\t<div class=\"elementor-element elementor-element-39773b19 elementor-align-center elementor-widget elementor-widget-button\" data-id=\"39773b19\" data-element_type=\"widget\" data-widget_type=\"button.default\">\n\t\t\t\t\t\t\t\t\t\t<a class=\"elementor-button elementor-button-link elementor-size-sm\" href=\"https:\/\/wizualna-test.eu\/?page_id=222\">\n\t\t\t\t\t\t<span class=\"elementor-button-content-wrapper\">\n\t\t\t\t\t\t\t\t\t<span class=\"elementor-button-text\">Zapytaj ofert\u0119<\/span>\n\t\t\t\t\t<\/span>\n\t\t\t\t\t<\/a>\n\t\t\t\t\t\t\t\t<\/div>\n\t\t\t\t<\/div>\n\t\t\t\t<\/div>\n\t\t\t\t\t<\/div>\n\t\t\t\t<\/div>\n\t\t<div class=\"elementor-element elementor-element-36f46754 e-flex e-con-boxed e-con e-parent\" data-id=\"36f46754\" data-element_type=\"container\">\n\t\t\t\t\t<div class=\"e-con-inner\">\n\t\t\t\t<div class=\"elementor-element elementor-element-494c010a elementor-widget elementor-widget-spacer\" data-id=\"494c010a\" data-element_type=\"widget\" data-widget_type=\"spacer.default\">\n\t\t\t\t\t\t\t<div class=\"elementor-spacer\">\n\t\t\t<div class=\"elementor-spacer-inner\"><\/div>\n\t\t<\/div>\n\t\t\t\t\t\t<\/div>\n\t\t\t\t<div class=\"elementor-element elementor-element-4dbee36f elementor-widget__width-initial elementor-widget elementor-widget-heading\" data-id=\"4dbee36f\" data-element_type=\"widget\" data-widget_type=\"heading.default\">\n\t\t\t\t\t<h2 class=\"elementor-heading-title elementor-size-default\">To nie s\u0105 teoretyczne wyk\u0142ady.<\/h2>\t\t\t\t<\/div>\n\t\t\t\t<div class=\"elementor-element elementor-element-5c2457e5 elementor-widget__width-initial elementor-widget elementor-widget-heading\" data-id=\"5c2457e5\" data-element_type=\"widget\" data-widget_type=\"heading.default\">\n\t\t\t\t\t<h2 class=\"elementor-heading-title elementor-size-default\">To konkretne strategie, procesy i rozwi\u0105zania wypracowane podczas organizacji dziesi\u0105tek eleganckich \u015blub\u00f3w w Polsce i za granic\u0105.\n<\/h2>\t\t\t\t<\/div>\n\t\t\t\t<div class=\"elementor-element elementor-element-67c5f148 elementor-widget-divider--view-line elementor-widget elementor-widget-divider\" data-id=\"67c5f148\" data-element_type=\"widget\" data-widget_type=\"divider.default\">\n\t\t\t\t\t\t\t<div class=\"elementor-divider\">\n\t\t\t<span class=\"elementor-divider-separator\">\n\t\t\t\t\t\t<\/span>\n\t\t<\/div>\n\t\t\t\t\t\t<\/div>\n\t\t\t\t<div class=\"elementor-element elementor-element-4b982c7e elementor-widget elementor-widget-heading\" data-id=\"4b982c7e\" data-element_type=\"widget\" data-widget_type=\"heading.default\">\n\t\t\t\t\t<h2 class=\"elementor-heading-title elementor-size-default\">Szkolenia grupowe<\/h2>\t\t\t\t<\/div>\n\t\t\t\t<div class=\"elementor-element elementor-element-557a30ff elementor-widget__width-initial elementor-widget elementor-widget-text-editor\" data-id=\"557a30ff\" data-element_type=\"widget\" data-widget_type=\"text-editor.default\">\n\t\t\t\t\t\t\t\t\t<p><span style=\"font-weight: 400;\">Program skierowany do os\u00f3b, kt\u00f3re chc\u0105 rozpocz\u0105\u0107 prac\u0119 jako wedding planner lub uporz\u0105dkowa\u0107 swoj\u0105 dotychczasow\u0105 wiedz\u0119.<\/span><\/p><p><span style=\"font-weight: 400;\">Uczestnicy otrzymuj\u0105 kompleksowe spojrzenie na zaw\u00f3d, proces wsp\u00f3\u0142pracy z Par\u0105 M\u0142od\u0105, budowanie marki, wycen\u0119 us\u0142ug oraz organizacj\u0119 \u015blubu od strony operacyjnej i logistycznej.<\/span><\/p>\t\t\t\t\t\t\t\t<\/div>\n\t\t\t\t<div class=\"elementor-element elementor-element-5d414f9c elementor-widget elementor-widget-heading\" data-id=\"5d414f9c\" data-element_type=\"widget\" data-widget_type=\"heading.default\">\n\t\t\t\t\t<h2 class=\"elementor-heading-title elementor-size-default\">Szkolenia indywidualne<\/h2>\t\t\t\t<\/div>\n\t\t\t\t<div class=\"elementor-element elementor-element-5112183d elementor-widget__width-initial elementor-widget elementor-widget-text-editor\" data-id=\"5112183d\" data-element_type=\"widget\" data-widget_type=\"text-editor.default\">\n\t\t\t\t\t\t\t\t\t<p><span style=\"font-weight: 400;\">Forma mentoringowa dla os\u00f3b, kt\u00f3re potrzebuj\u0105 spersonalizowanego wsparcia.<\/span><\/p><p><span style=\"font-weight: 400;\">Zakres szkolenia dopasowywany jest do etapu rozwoju uczestnika i mo\u017ce obejmowa\u0107 mi\u0119dzy innymi budowanie oferty, strategi\u0119 marketingow\u0105, sprzeda\u017c us\u0142ug, prac\u0119 z klientem premium, organizacj\u0119 \u015blubu za granic\u0105 czy skalowanie biznesu wedding plannerskiego.<\/span><\/p>\t\t\t\t\t\t\t\t<\/div>\n\t\t\t\t<div class=\"elementor-element elementor-element-5c8f9e1 elementor-widget elementor-widget-heading\" data-id=\"5c8f9e1\" data-element_type=\"widget\" data-widget_type=\"heading.default\">\n\t\t\t\t\t<h2 class=\"elementor-heading-title elementor-size-default\">Podczas szkole\u0144 poruszane s\u0105 mi\u0119dzy innymi tematy:\n<\/h2>\t\t\t\t<\/div>\n\t\t\t\t<div class=\"elementor-element elementor-element-31830ca2 elementor-widget__width-initial elementor-widget elementor-widget-text-editor\" data-id=\"31830ca2\" data-element_type=\"widget\" data-widget_type=\"text-editor.default\">\n\t\t\t\t\t\t\t\t\t<ul><li><span style=\"font-weight: 400;\"> rola i obowi\u0105zki wedding plannera,<\/span><\/li><li><span style=\"font-weight: 400;\"> tworzenie i wycena pakiet\u00f3w us\u0142ug,<\/span><\/li><li><span style=\"font-weight: 400;\"> budowanie marki osobistej w bran\u017cy \u015blubnej,<\/span><\/li><li><span style=\"font-weight: 400;\"> pozyskiwanie klient\u00f3w i pozycjonowanie w social media,<\/span><\/li><li><span style=\"font-weight: 400;\"> organizacja \u015blubu i wesela krok po kroku,<\/span><\/li><li><span style=\"font-weight: 400;\"> wsp\u00f3\u0142praca z us\u0142ugodawcami,<\/span><\/li><li><span style=\"font-weight: 400;\"> zarz\u0105dzanie bud\u017cetem i harmonogramem,<\/span><\/li><li><span style=\"font-weight: 400;\"> koordynacja dnia \u015blubu,<\/span><\/li><li><span style=\"font-weight: 400;\"> \u015blub za granic\u0105 jako kierunek rozwoju.<\/span><\/li><\/ul><p>\u00a0<\/p>\t\t\t\t\t\t\t\t<\/div>\n\t\t\t\t<div class=\"elementor-element elementor-element-6985474e elementor-widget-divider--view-line elementor-widget elementor-widget-divider\" data-id=\"6985474e\" data-element_type=\"widget\" data-widget_type=\"divider.default\">\n\t\t\t\t\t\t\t<div class=\"elementor-divider\">\n\t\t\t<span class=\"elementor-divider-separator\">\n\t\t\t\t\t\t<\/span>\n\t\t<\/div>\n\t\t\t\t\t\t<\/div>\n\t\t\t\t<div class=\"elementor-element elementor-element-5adec165 elementor-widget elementor-widget-heading\" data-id=\"5adec165\" data-element_type=\"widget\" data-widget_type=\"heading.default\">\n\t\t\t\t\t<h2 class=\"elementor-heading-title elementor-size-default\">Napisz i otrzymaj szczeg\u00f3\u0142ow\u0105 ofert\u0119 szkoleniow\u0105 dopasowan\u0105 do Twoich potrzeb.<\/h2>\t\t\t\t<\/div>\n\t\t\t\t<div class=\"elementor-element elementor-element-60e19b79 elementor-widget__width-initial elementor-widget elementor-widget-text-editor\" data-id=\"60e19b79\" data-element_type=\"widget\" data-widget_type=\"text-editor.default\">\n\t\t\t\t\t\t\t\t\t<p><span style=\"font-weight: 400;\">Szkolenia skierowane s\u0105 do os\u00f3b, kt\u00f3re chc\u0105 pracowa\u0107 profesjonalnie, budowa\u0107 mark\u0119 premium i \u015bwiadomie rozwija\u0107 sw\u00f3j biznes w bran\u017cy wedding planning.<\/span><\/p>\t\t\t\t\t\t\t\t<\/div>\n\t\t\t\t\t<\/div>\n\t\t\t\t<\/div>\n\t\t<div class=\"elementor-element elementor-element-5f93fc83 e-flex e-con-boxed e-con e-parent\" data-id=\"5f93fc83\" data-element_type=\"container\">\n\t\t\t\t\t<div class=\"e-con-inner\">\n\t\t\t\t<div class=\"elementor-element elementor-element-125a2843 elementor-widget elementor-widget-spacer\" data-id=\"125a2843\" data-element_type=\"widget\" data-widget_type=\"spacer.default\">\n\t\t\t\t\t\t\t<div class=\"elementor-spacer\">\n\t\t\t<div class=\"elementor-spacer-inner\"><\/div>\n\t\t<\/div>\n\t\t\t\t\t\t<\/div>\n\t\t\t\t\t<\/div>\n\t\t\t\t<\/div>\n\t\t<div class=\"elementor-element elementor-element-49d4498f e-flex e-con-boxed e-con e-parent\" data-id=\"49d4498f\" data-element_type=\"container\" data-settings=\"{&quot;background_background&quot;:&quot;classic&quot;}\">\n\t\t\t\t\t<div class=\"e-con-inner\">\n\t\t\t\t<div class=\"elementor-element elementor-element-576996fc elementor-widget elementor-widget-heading\" data-id=\"576996fc\" data-element_type=\"widget\" data-widget_type=\"heading.default\">\n\t\t\t\t\t<h1 class=\"elementor-heading-title elementor-size-default\">Kontakt<\/h1>\t\t\t\t<\/div>\n\t\t\t\t<div class=\"elementor-element elementor-element-68b8f978 elementor-widget__width-initial elementor-invisible elementor-widget elementor-widget-heading\" data-id=\"68b8f978\" data-element_type=\"widget\" data-settings=\"{&quot;_animation&quot;:&quot;fadeIn&quot;,&quot;_animation_delay&quot;:200}\" data-widget_type=\"heading.default\">\n\t\t\t\t\t<h2 class=\"elementor-heading-title elementor-size-default\">Porozmawiajmy<\/h2>\t\t\t\t<\/div>\n\t\t\t\t<div class=\"elementor-element elementor-element-7e7c45eb elementor-widget__width-initial elementor-invisible elementor-widget elementor-widget-heading\" data-id=\"7e7c45eb\" data-element_type=\"widget\" data-settings=\"{&quot;_animation&quot;:&quot;fadeIn&quot;,&quot;_animation_delay&quot;:200}\" data-widget_type=\"heading.default\">\n\t\t\t\t\t<h2 class=\"elementor-heading-title elementor-size-default\">o Waszym \u015blubie.<\/h2>\t\t\t\t<\/div>\n\t\t\t\t<div class=\"elementor-element elementor-element-69a5b566 elementor-widget__width-initial elementor-invisible elementor-widget elementor-widget-text-editor\" data-id=\"69a5b566\" data-element_type=\"widget\" data-settings=\"{&quot;_animation&quot;:&quot;fadeIn&quot;,&quot;_animation_delay&quot;:400}\" data-widget_type=\"text-editor.default\">\n\t\t\t\t\t\t\t\t\t<p>Opowiedzcie mi o swoim dniu \u2014 stworz\u0119 plan, kt\u00f3ry poprowadzi <br \/>Was do pi\u0119knej, sp\u00f3jnej i wyj\u0105tkowej uroczysto\u015bci. <br \/>Czekam na Wasz\u0105 wiadomo\u015b\u0107.<\/p>\t\t\t\t\t\t\t\t<\/div>\n\t\t<div class=\"elementor-element elementor-element-1dd634b e-con-full e-flex e-con e-child\" data-id=\"1dd634b\" data-element_type=\"container\">\n\t\t<div class=\"elementor-element elementor-element-56453a26 e-con-full e-flex e-con e-child\" data-id=\"56453a26\" data-element_type=\"container\">\n\t\t\t\t<div class=\"elementor-element elementor-element-6f85daba elementor-align-left elementor-widget elementor-widget-button\" data-id=\"6f85daba\" data-element_type=\"widget\" data-widget_type=\"button.default\">\n\t\t\t\t\t\t\t\t\t\t<a class=\"elementor-button elementor-button-link elementor-size-sm\" href=\"https:\/\/wizualna-test.eu\/?page_id=222\">\n\t\t\t\t\t\t<span class=\"elementor-button-content-wrapper\">\n\t\t\t\t\t\t\t\t\t<span class=\"elementor-button-text\">Um\u00f3w swoj\u0105 konsultacj\u0119<\/span>\n\t\t\t\t\t<\/span>\n\t\t\t\t\t<\/a>\n\t\t\t\t\t\t\t\t<\/div>\n\t\t\t\t<\/div>\n\t\t\t\t<\/div>\n\t\t\t\t\t<\/div>\n\t\t\t\t<\/div>\n\t\t\t\t<\/div>\n\t\t","protected":false},"excerpt":{"rendered":"<p>SZKOLENIA DLA PRZYSZ\u0141YCH WEDDING PLANNER\u00d3W Szkolenia prowadzone przez Alin\u0119 Adamczyk to po\u0142\u0105czenie wieloletniego do\u015bwiadczenia, praktycznej wiedzy i realnego spojrzenia na bran\u017c\u0119 \u015blubn\u0105. Zapytaj ofert\u0119 To nie s\u0105 teoretyczne wyk\u0142ady. To konkretne strategie, procesy i rozwi\u0105zania wypracowane podczas organizacji dziesi\u0105tek eleganckich \u015blub\u00f3w w Polsce i za granic\u0105. Szkolenia grupowe Program skierowany do os\u00f3b, kt\u00f3re chc\u0105 rozpocz\u0105\u0107 [&hellip;]<\/p>\n","protected":false},"author":1,"featured_media":0,"parent":0,"menu_order":0,"comment_status":"closed","ping_status":"closed","template":"","meta":{"footnotes":""},"class_list":["post-1103","page","type-page","status-publish","hentry"],"_links":{"self":[{"href":"https:\/\/wizualna-test.eu\/index.php?rest_route=\/wp\/v2\/pages\/1103","targetHints":{"allow":["GET"]}}],"collection":[{"href":"https:\/\/wizualna-test.eu\/index.php?rest_route=\/wp\/v2\/pages"}],"about":[{"href":"https:\/\/wizualna-test.eu\/index.php?rest_route=\/wp\/v2\/types\/page"}],"author":[{"embeddable":true,"href":"https:\/\/wizualna-test.eu\/index.php?rest_route=\/wp\/v2\/users\/1"}],"replies":[{"embeddable":true,"href":"https:\/\/wizualna-test.eu\/index.php?rest_route=%2Fwp%2Fv2%2Fcomments&post=1103"}],"version-history":[{"count":7,"href":"https:\/\/wizualna-test.eu\/index.php?rest_route=\/wp\/v2\/pages\/1103\/revisions"}],"predecessor-version":[{"id":1110,"href":"https:\/\/wizualna-test.eu\/index.php?rest_route=\/wp\/v2\/pages\/1103\/revisions\/1110"}],"wp:attachment":[{"href":"https:\/\/wizualna-test.eu\/index.php?rest_route=%2Fwp%2Fv2%2Fmedia&parent=1103"}],"curies":[{"name":"wp","href":"https:\/\/api.w.org\/{rel}","templated":true}]}}