{"id":1092,"date":"2026-03-25T12:04:26","date_gmt":"2026-03-25T11:04:26","guid":{"rendered":"https:\/\/wizualna-test.eu\/?page_id=1092"},"modified":"2026-03-25T12:08:06","modified_gmt":"2026-03-25T11:08:06","slug":"slub-za-granica","status":"publish","type":"page","link":"https:\/\/wizualna-test.eu\/?page_id=1092","title":{"rendered":"\u015alub za granic\u0105"},"content":{"rendered":"\t\t<div data-elementor-type=\"wp-page\" data-elementor-id=\"1092\" class=\"elementor elementor-1092\" data-elementor-post-type=\"page\">\n\t\t\t\t<div class=\"elementor-element elementor-element-768e359e e-flex e-con-boxed e-con e-parent\" data-id=\"768e359e\" data-element_type=\"container\" data-settings=\"{&quot;background_background&quot;:&quot;classic&quot;}\">\n\t\t\t\t\t<div class=\"e-con-inner\">\n\t\t\t\t\t<\/div>\n\t\t\t\t<\/div>\n\t\t<div class=\"elementor-element elementor-element-5b8662e9 e-flex e-con-boxed e-con e-parent\" data-id=\"5b8662e9\" data-element_type=\"container\" data-settings=\"{&quot;background_background&quot;:&quot;classic&quot;}\">\n\t\t\t\t\t<div class=\"e-con-inner\">\n\t\t<div class=\"elementor-element elementor-element-27420d70 e-con-full e-flex e-con e-child\" data-id=\"27420d70\" data-element_type=\"container\">\n\t\t<div class=\"elementor-element elementor-element-677c0762 e-con-full e-flex e-con e-child\" data-id=\"677c0762\" data-element_type=\"container\" data-settings=\"{&quot;background_background&quot;:&quot;classic&quot;}\">\n\t\t\t\t<\/div>\n\t\t<div class=\"elementor-element elementor-element-400d0c98 e-con-full e-flex e-con e-child\" data-id=\"400d0c98\" data-element_type=\"container\" data-settings=\"{&quot;background_background&quot;:&quot;classic&quot;}\">\n\t\t\t\t<div class=\"elementor-element elementor-element-79277e36 elementor-widget elementor-widget-image-box\" data-id=\"79277e36\" data-element_type=\"widget\" data-widget_type=\"image-box.default\">\n\t\t\t\t\t<div class=\"elementor-image-box-wrapper\"><div class=\"elementor-image-box-content\"><h2 class=\"elementor-image-box-title\">\u015alub za granic\u0105<\/h2><\/div><\/div>\t\t\t\t<\/div>\n\t\t\t\t<div class=\"elementor-element elementor-element-4fca423e elementor-widget__width-initial elementor-widget elementor-widget-text-editor\" data-id=\"4fca423e\" data-element_type=\"widget\" data-widget_type=\"text-editor.default\">\n\t\t\t\t\t\t\t\t\t<p>Toskania, Grecja czy Hiszpania <br \/>&#8211; zmieniamy marzenia w rzeczywisto\u015b\u0107.<\/p>\t\t\t\t\t\t\t\t<\/div>\n\t\t\t\t<div class=\"elementor-element elementor-element-2eda068c elementor-widget-divider--view-line elementor-widget elementor-widget-divider\" data-id=\"2eda068c\" data-element_type=\"widget\" data-widget_type=\"divider.default\">\n\t\t\t\t\t\t\t<div class=\"elementor-divider\">\n\t\t\t<span class=\"elementor-divider-separator\">\n\t\t\t\t\t\t<\/span>\n\t\t<\/div>\n\t\t\t\t\t\t<\/div>\n\t\t\t\t<div class=\"elementor-element elementor-element-64c9c9f elementor-align-center elementor-widget elementor-widget-button\" data-id=\"64c9c9f\" data-element_type=\"widget\" data-widget_type=\"button.default\">\n\t\t\t\t\t\t\t\t\t\t<a class=\"elementor-button elementor-button-link elementor-size-sm\" href=\"https:\/\/wizualna-test.eu\/?page_id=222\">\n\t\t\t\t\t\t<span class=\"elementor-button-content-wrapper\">\n\t\t\t\t\t\t\t\t\t<span class=\"elementor-button-text\">Zapytaj ofert\u0119<\/span>\n\t\t\t\t\t<\/span>\n\t\t\t\t\t<\/a>\n\t\t\t\t\t\t\t\t<\/div>\n\t\t\t\t<\/div>\n\t\t\t\t<\/div>\n\t\t\t\t\t<\/div>\n\t\t\t\t<\/div>\n\t\t<div class=\"elementor-element elementor-element-50e6eb47 e-flex e-con-boxed e-con e-parent\" data-id=\"50e6eb47\" data-element_type=\"container\">\n\t\t\t\t\t<div class=\"e-con-inner\">\n\t\t\t\t<div class=\"elementor-element elementor-element-7cfc6470 elementor-widget elementor-widget-spacer\" data-id=\"7cfc6470\" data-element_type=\"widget\" data-widget_type=\"spacer.default\">\n\t\t\t\t\t\t\t<div class=\"elementor-spacer\">\n\t\t\t<div class=\"elementor-spacer-inner\"><\/div>\n\t\t<\/div>\n\t\t\t\t\t\t<\/div>\n\t\t\t\t<div class=\"elementor-element elementor-element-1e24c5c elementor-widget__width-initial elementor-widget elementor-widget-heading\" data-id=\"1e24c5c\" data-element_type=\"widget\" data-widget_type=\"heading.default\">\n\t\t\t\t\t<h2 class=\"elementor-heading-title elementor-size-default\">\u015alub za granic\u0105 to po\u0142\u0105czenie wyj\u0105tkowej lokalizacji, kameralnej atmosfery<\/h2>\t\t\t\t<\/div>\n\t\t\t\t<div class=\"elementor-element elementor-element-71bb56c1 elementor-widget__width-initial elementor-widget elementor-widget-heading\" data-id=\"71bb56c1\" data-element_type=\"widget\" data-widget_type=\"heading.default\">\n\t\t\t\t\t<h2 class=\"elementor-heading-title elementor-size-default\">i \u015bwiadomej decyzji o celebracji w miejscu,<div><span style=\"font-family: var( --e-global-typography-secondary-font-family ), Sans-serif;letter-spacing: var( --e-global-typography-secondary-letter-spacing );text-decoration: var( --e-global-typography-secondary-text-decoration )\">kt\u00f3re ma dla Was znaczenie.<\/span><span style=\"font-family: var( --e-global-typography-secondary-font-family ), Sans-serif;letter-spacing: var( --e-global-typography-secondary-letter-spacing );text-decoration: var( --e-global-typography-secondary-text-decoration )\"><\/span><\/div><\/h2>\t\t\t\t<\/div>\n\t\t\t\t<div class=\"elementor-element elementor-element-56b31dfb elementor-widget__width-initial elementor-widget elementor-widget-text-editor\" data-id=\"56b31dfb\" data-element_type=\"widget\" data-widget_type=\"text-editor.default\">\n\t\t\t\t\t\t\t\t\t<p><span style=\"font-weight: 400;\">Organizujemy \u015bluby i wesela za granic\u0105, tworz\u0105c dopracowane w ka\u017cdym detalu uroczysto\u015bci w najpi\u0119kniejszych zak\u0105tkach Europy.<\/span><\/p><p><span style=\"font-weight: 400;\">\u015alub we W\u0142oszech to romantyczne ceremonie w Toskanii, nad jeziorem Como czy na wybrze\u017cu Amalfi.<\/span><\/p><p><span style=\"font-weight: 400;\">Wesele we W\u0142oszech to eleganckie przyj\u0119cia w historycznych willach, winnicach i butikowych obiektach z widokiem na w\u0142oskie krajobrazy.<\/span><\/p><p><span style=\"font-weight: 400;\">\u015alub w Grecji to ceremonia z widokiem na morze, bia\u0142\u0105 architektur\u0119 i zach\u00f3d s\u0142o\u0144ca nad Santorini lub na Krecie.<\/span><\/p><p><span style=\"font-weight: 400;\">Wesele w Grecji to kameralne przyj\u0119cia w klimacie \u015br\u00f3dziemnomorskim, pe\u0142ne \u015bwiat\u0142a, prostoty i naturalnej elegancji.<\/span><\/p><p><span style=\"font-weight: 400;\">Zmieniamy marzenia w rzeczywisto\u015b\u0107 niezale\u017cnie od tego, czy planujecie kameralny \u015blub dla 10 os\u00f3b, czy eleganckie wesele do 60 go\u015bci.<\/span><\/p>\t\t\t\t\t\t\t\t<\/div>\n\t\t\t\t<div class=\"elementor-element elementor-element-634690c6 elementor-widget-divider--view-line elementor-widget elementor-widget-divider\" data-id=\"634690c6\" data-element_type=\"widget\" data-widget_type=\"divider.default\">\n\t\t\t\t\t\t\t<div class=\"elementor-divider\">\n\t\t\t<span class=\"elementor-divider-separator\">\n\t\t\t\t\t\t<\/span>\n\t\t<\/div>\n\t\t\t\t\t\t<\/div>\n\t\t\t\t<div class=\"elementor-element elementor-element-442078a9 elementor-widget elementor-widget-heading\" data-id=\"442078a9\" data-element_type=\"widget\" data-widget_type=\"heading.default\">\n\t\t\t\t\t<h2 class=\"elementor-heading-title elementor-size-default\">Zakres wsp\u00f3\u0142pracy obejmuje:\n<\/h2>\t\t\t\t<\/div>\n\t\t\t\t<div class=\"elementor-element elementor-element-7edd6d2d elementor-widget__width-initial elementor-widget elementor-widget-text-editor\" data-id=\"7edd6d2d\" data-element_type=\"widget\" data-widget_type=\"text-editor.default\">\n\t\t\t\t\t\t\t\t\t<ul><li><span style=\"font-weight: 400;\"> wyb\u00f3r i weryfikacj\u0119 lokalizacji na \u015blub za granic\u0105,<\/span><\/li><li><span style=\"font-weight: 400;\"> organizacj\u0119 ceremonii symbolicznej, cywilnej lub humanistycznej,<\/span><\/li><li><span style=\"font-weight: 400;\"> wsparcie formalne zwi\u0105zane z dokumentacj\u0105,<\/span><\/li><li><span style=\"font-weight: 400;\"> rekomendacj\u0119 i koordynacj\u0119 lokalnych us\u0142ugodawc\u00f3w,<\/span><\/li><li><span style=\"font-weight: 400;\"> opracowanie koncepcji stylistycznej dopasowanej do miejsca,<\/span><\/li><li><span style=\"font-weight: 400;\"> organizacj\u0119 logistyki podr\u00f3\u017cy i zakwaterowania go\u015bci,<\/span><\/li><li><span style=\"font-weight: 400;\"> planowanie bud\u017cetu oraz kontrol\u0119 koszt\u00f3w,<\/span><\/li><li><span style=\"font-weight: 400;\"> pe\u0142n\u0105 koordynacj\u0119 na miejscu w dniu \u015blubu.<\/span><\/li><\/ul><p><span style=\"font-weight: 400;\"><br \/>Dzi\u0119ki do\u015bwiadczeniu w organizacji \u015blub\u00f3w mi\u0119dzynarodowych mo\u017cecie planowa\u0107 wszystko zdalnie, maj\u0105c pe\u0142n\u0105 kontrol\u0119 nad procesem i poczucie bezpiecze\u0144stwa.<\/span><\/p>\t\t\t\t\t\t\t\t<\/div>\n\t\t\t\t<div class=\"elementor-element elementor-element-2da7c165 elementor-widget elementor-widget-heading\" data-id=\"2da7c165\" data-element_type=\"widget\" data-widget_type=\"heading.default\">\n\t\t\t\t\t<h2 class=\"elementor-heading-title elementor-size-default\">\u015alub we W\u0142oszech.\n<\/h2>\t\t\t\t<\/div>\n\t\t\t\t<div class=\"elementor-element elementor-element-ae85ca9 elementor-widget elementor-widget-heading\" data-id=\"ae85ca9\" data-element_type=\"widget\" data-widget_type=\"heading.default\">\n\t\t\t\t\t<h2 class=\"elementor-heading-title elementor-size-default\">\u015alub w Grecji.\n<\/h2>\t\t\t\t<\/div>\n\t\t\t\t<div class=\"elementor-element elementor-element-de2ae7a elementor-widget elementor-widget-heading\" data-id=\"de2ae7a\" data-element_type=\"widget\" data-widget_type=\"heading.default\">\n\t\t\t\t\t<h2 class=\"elementor-heading-title elementor-size-default\">\u015alub za granic\u0105 dopasowany do Waszej wizji, liczby go\u015bci i stylu uroczysto\u015bci.\n<\/h2>\t\t\t\t<\/div>\n\t\t\t\t\t<\/div>\n\t\t\t\t<\/div>\n\t\t<div class=\"elementor-element elementor-element-24811ef5 e-flex e-con-boxed e-con e-parent\" data-id=\"24811ef5\" data-element_type=\"container\">\n\t\t\t\t\t<div class=\"e-con-inner\">\n\t\t\t\t<div class=\"elementor-element elementor-element-1208eb07 elementor-widget elementor-widget-spacer\" data-id=\"1208eb07\" data-element_type=\"widget\" data-widget_type=\"spacer.default\">\n\t\t\t\t\t\t\t<div class=\"elementor-spacer\">\n\t\t\t<div class=\"elementor-spacer-inner\"><\/div>\n\t\t<\/div>\n\t\t\t\t\t\t<\/div>\n\t\t\t\t\t<\/div>\n\t\t\t\t<\/div>\n\t\t<div class=\"elementor-element elementor-element-1426713e e-flex e-con-boxed e-con e-parent\" data-id=\"1426713e\" data-element_type=\"container\" data-settings=\"{&quot;background_background&quot;:&quot;classic&quot;}\">\n\t\t\t\t\t<div class=\"e-con-inner\">\n\t\t\t\t<div class=\"elementor-element elementor-element-17036adf elementor-widget elementor-widget-heading\" data-id=\"17036adf\" data-element_type=\"widget\" data-widget_type=\"heading.default\">\n\t\t\t\t\t<h1 class=\"elementor-heading-title elementor-size-default\">Kontakt<\/h1>\t\t\t\t<\/div>\n\t\t\t\t<div class=\"elementor-element elementor-element-e95c958 elementor-widget__width-initial elementor-invisible elementor-widget elementor-widget-heading\" data-id=\"e95c958\" data-element_type=\"widget\" data-settings=\"{&quot;_animation&quot;:&quot;fadeIn&quot;,&quot;_animation_delay&quot;:200}\" data-widget_type=\"heading.default\">\n\t\t\t\t\t<h2 class=\"elementor-heading-title elementor-size-default\">Porozmawiajmy<\/h2>\t\t\t\t<\/div>\n\t\t\t\t<div class=\"elementor-element elementor-element-6615b06d elementor-widget__width-initial elementor-invisible elementor-widget elementor-widget-heading\" data-id=\"6615b06d\" data-element_type=\"widget\" data-settings=\"{&quot;_animation&quot;:&quot;fadeIn&quot;,&quot;_animation_delay&quot;:200}\" data-widget_type=\"heading.default\">\n\t\t\t\t\t<h2 class=\"elementor-heading-title elementor-size-default\">o Waszym \u015blubie.<\/h2>\t\t\t\t<\/div>\n\t\t\t\t<div class=\"elementor-element elementor-element-645ad066 elementor-widget__width-initial elementor-invisible elementor-widget elementor-widget-text-editor\" data-id=\"645ad066\" data-element_type=\"widget\" data-settings=\"{&quot;_animation&quot;:&quot;fadeIn&quot;,&quot;_animation_delay&quot;:400}\" data-widget_type=\"text-editor.default\">\n\t\t\t\t\t\t\t\t\t<p>Opowiedzcie mi o swoim dniu \u2014 stworz\u0119 plan, kt\u00f3ry poprowadzi <br \/>Was do pi\u0119knej, sp\u00f3jnej i wyj\u0105tkowej uroczysto\u015bci. <br \/>Czekam na Wasz\u0105 wiadomo\u015b\u0107.<\/p>\t\t\t\t\t\t\t\t<\/div>\n\t\t<div class=\"elementor-element elementor-element-2f848a3 e-con-full e-flex e-con e-child\" data-id=\"2f848a3\" data-element_type=\"container\">\n\t\t<div class=\"elementor-element elementor-element-56178ad8 e-con-full e-flex e-con e-child\" data-id=\"56178ad8\" data-element_type=\"container\">\n\t\t\t\t<div class=\"elementor-element elementor-element-7512e8fc elementor-align-left elementor-widget elementor-widget-button\" data-id=\"7512e8fc\" data-element_type=\"widget\" data-widget_type=\"button.default\">\n\t\t\t\t\t\t\t\t\t\t<a class=\"elementor-button elementor-button-link elementor-size-sm\" href=\"https:\/\/wizualna-test.eu\/?page_id=222\">\n\t\t\t\t\t\t<span class=\"elementor-button-content-wrapper\">\n\t\t\t\t\t\t\t\t\t<span class=\"elementor-button-text\">Um\u00f3w swoj\u0105 konsultacj\u0119<\/span>\n\t\t\t\t\t<\/span>\n\t\t\t\t\t<\/a>\n\t\t\t\t\t\t\t\t<\/div>\n\t\t\t\t<\/div>\n\t\t\t\t<\/div>\n\t\t\t\t\t<\/div>\n\t\t\t\t<\/div>\n\t\t\t\t<\/div>\n\t\t","protected":false},"excerpt":{"rendered":"<p>\u015alub za granic\u0105 Toskania, Grecja czy Hiszpania &#8211; zmieniamy marzenia w rzeczywisto\u015b\u0107. Zapytaj ofert\u0119 \u015alub za granic\u0105 to po\u0142\u0105czenie wyj\u0105tkowej lokalizacji, kameralnej atmosfery i \u015bwiadomej decyzji o celebracji w miejscu,kt\u00f3re ma dla Was znaczenie. Organizujemy \u015bluby i wesela za granic\u0105, tworz\u0105c dopracowane w ka\u017cdym detalu uroczysto\u015bci w najpi\u0119kniejszych zak\u0105tkach Europy. \u015alub we W\u0142oszech to romantyczne [&hellip;]<\/p>\n","protected":false},"author":1,"featured_media":0,"parent":0,"menu_order":0,"comment_status":"closed","ping_status":"closed","template":"","meta":{"footnotes":""},"class_list":["post-1092","page","type-page","status-publish","hentry"],"_links":{"self":[{"href":"https:\/\/wizualna-test.eu\/index.php?rest_route=\/wp\/v2\/pages\/1092","targetHints":{"allow":["GET"]}}],"collection":[{"href":"https:\/\/wizualna-test.eu\/index.php?rest_route=\/wp\/v2\/pages"}],"about":[{"href":"https:\/\/wizualna-test.eu\/index.php?rest_route=\/wp\/v2\/types\/page"}],"author":[{"embeddable":true,"href":"https:\/\/wizualna-test.eu\/index.php?rest_route=\/wp\/v2\/users\/1"}],"replies":[{"embeddable":true,"href":"https:\/\/wizualna-test.eu\/index.php?rest_route=%2Fwp%2Fv2%2Fcomments&post=1092"}],"version-history":[{"count":4,"href":"https:\/\/wizualna-test.eu\/index.php?rest_route=\/wp\/v2\/pages\/1092\/revisions"}],"predecessor-version":[{"id":1096,"href":"https:\/\/wizualna-test.eu\/index.php?rest_route=\/wp\/v2\/pages\/1092\/revisions\/1096"}],"wp:attachment":[{"href":"https:\/\/wizualna-test.eu\/index.php?rest_route=%2Fwp%2Fv2%2Fmedia&parent=1092"}],"curies":[{"name":"wp","href":"https:\/\/api.w.org\/{rel}","templated":true}]}}