{"id":1084,"date":"2026-03-25T11:38:38","date_gmt":"2026-03-25T10:38:38","guid":{"rendered":"https:\/\/wizualna-test.eu\/?page_id=1084"},"modified":"2026-03-25T11:43:41","modified_gmt":"2026-03-25T10:43:41","slug":"konsultacje-slubne-i-bridal-concierge","status":"publish","type":"page","link":"https:\/\/wizualna-test.eu\/?page_id=1084","title":{"rendered":"Konsultacje \u015blubne i Bridal Concierge"},"content":{"rendered":"\t\t<div data-elementor-type=\"wp-page\" data-elementor-id=\"1084\" class=\"elementor elementor-1084\" data-elementor-post-type=\"page\">\n\t\t\t\t<div class=\"elementor-element elementor-element-672aef49 e-flex e-con-boxed e-con e-parent\" data-id=\"672aef49\" data-element_type=\"container\" data-settings=\"{&quot;background_background&quot;:&quot;classic&quot;}\">\n\t\t\t\t\t<div class=\"e-con-inner\">\n\t\t\t\t\t<\/div>\n\t\t\t\t<\/div>\n\t\t<div class=\"elementor-element elementor-element-665aedbc e-flex e-con-boxed e-con e-parent\" data-id=\"665aedbc\" data-element_type=\"container\" data-settings=\"{&quot;background_background&quot;:&quot;classic&quot;}\">\n\t\t\t\t\t<div class=\"e-con-inner\">\n\t\t<div class=\"elementor-element elementor-element-709a7c6e e-con-full e-flex e-con e-child\" data-id=\"709a7c6e\" data-element_type=\"container\">\n\t\t<div class=\"elementor-element elementor-element-49b1fd37 e-con-full e-flex e-con e-child\" data-id=\"49b1fd37\" data-element_type=\"container\" data-settings=\"{&quot;background_background&quot;:&quot;classic&quot;}\">\n\t\t\t\t<\/div>\n\t\t<div class=\"elementor-element elementor-element-c7e762 e-con-full e-flex e-con e-child\" data-id=\"c7e762\" data-element_type=\"container\" data-settings=\"{&quot;background_background&quot;:&quot;classic&quot;}\">\n\t\t\t\t<div class=\"elementor-element elementor-element-71b766c1 elementor-widget elementor-widget-image-box\" data-id=\"71b766c1\" data-element_type=\"widget\" data-widget_type=\"image-box.default\">\n\t\t\t\t\t<div class=\"elementor-image-box-wrapper\"><div class=\"elementor-image-box-content\"><h2 class=\"elementor-image-box-title\">KONSULTACJE \u015aLUBNE I BRIDAL CONCIERGE<\/h2><\/div><\/div>\t\t\t\t<\/div>\n\t\t\t\t<div class=\"elementor-element elementor-element-107f86c2 elementor-widget__width-initial elementor-widget elementor-widget-text-editor\" data-id=\"107f86c2\" data-element_type=\"widget\" data-widget_type=\"text-editor.default\">\n\t\t\t\t\t\t\t\t\t<p>Je\u015bli co\u015b budzi Wasze w\u0105tpliwo\u015bci, jedna konsultacja mo\u017ce pom\u00f3c je rozwi\u0105za\u0107.<\/p>\t\t\t\t\t\t\t\t<\/div>\n\t\t\t\t<div class=\"elementor-element elementor-element-532ca997 elementor-widget-divider--view-line elementor-widget elementor-widget-divider\" data-id=\"532ca997\" data-element_type=\"widget\" data-widget_type=\"divider.default\">\n\t\t\t\t\t\t\t<div class=\"elementor-divider\">\n\t\t\t<span class=\"elementor-divider-separator\">\n\t\t\t\t\t\t<\/span>\n\t\t<\/div>\n\t\t\t\t\t\t<\/div>\n\t\t\t\t<div class=\"elementor-element elementor-element-6663ee76 elementor-align-center elementor-widget elementor-widget-button\" data-id=\"6663ee76\" data-element_type=\"widget\" data-widget_type=\"button.default\">\n\t\t\t\t\t\t\t\t\t\t<a class=\"elementor-button elementor-button-link elementor-size-sm\" href=\"https:\/\/wizualna-test.eu\/?page_id=222\">\n\t\t\t\t\t\t<span class=\"elementor-button-content-wrapper\">\n\t\t\t\t\t\t\t\t\t<span class=\"elementor-button-text\">Um\u00f3w konsultacj\u0119<\/span>\n\t\t\t\t\t<\/span>\n\t\t\t\t\t<\/a>\n\t\t\t\t\t\t\t\t<\/div>\n\t\t\t\t<\/div>\n\t\t\t\t<\/div>\n\t\t\t\t\t<\/div>\n\t\t\t\t<\/div>\n\t\t<div class=\"elementor-element elementor-element-4af45fe9 e-flex e-con-boxed e-con e-parent\" data-id=\"4af45fe9\" data-element_type=\"container\">\n\t\t\t\t\t<div class=\"e-con-inner\">\n\t\t\t\t<div class=\"elementor-element elementor-element-7e7c2a5 elementor-widget elementor-widget-spacer\" data-id=\"7e7c2a5\" data-element_type=\"widget\" data-widget_type=\"spacer.default\">\n\t\t\t\t\t\t\t<div class=\"elementor-spacer\">\n\t\t\t<div class=\"elementor-spacer-inner\"><\/div>\n\t\t<\/div>\n\t\t\t\t\t\t<\/div>\n\t\t\t\t<div class=\"elementor-element elementor-element-43c41a94 elementor-widget__width-initial elementor-widget elementor-widget-heading\" data-id=\"43c41a94\" data-element_type=\"widget\" data-widget_type=\"heading.default\">\n\t\t\t\t\t<h2 class=\"elementor-heading-title elementor-size-default\">Nie ka\u017cda Para potrzebuje pe\u0142nej organizacji.\n<\/h2>\t\t\t\t<\/div>\n\t\t\t\t<div class=\"elementor-element elementor-element-dbac582 elementor-widget__width-initial elementor-widget elementor-widget-heading\" data-id=\"dbac582\" data-element_type=\"widget\" data-widget_type=\"heading.default\">\n\t\t\t\t\t<h2 class=\"elementor-heading-title elementor-size-default\">Czasem wystarczy jedno dobrze poprowadzone spotkanie...\n<\/h2>\t\t\t\t<\/div>\n\t\t\t\t<div class=\"elementor-element elementor-element-49307460 elementor-widget__width-initial elementor-widget elementor-widget-text-editor\" data-id=\"49307460\" data-element_type=\"widget\" data-widget_type=\"text-editor.default\">\n\t\t\t\t\t\t\t\t\t<p>\u017ceby odzyska\u0107 klarowno\u015b\u0107, uporz\u0105dkowa\u0107 chaos i ruszy\u0107 dalej z pewno\u015bci\u0105, \u017ce podejmujecie w\u0142a\u015bciwe decyzje.<br \/><span style=\"font-weight: 400;\">Konsultacje \u015blubne to intensywna, dwugodzinna rozmowa, podczas kt\u00f3rej skupiamy si\u0119 wy\u0142\u0105cznie na Waszych realnych wyzwaniach.<\/span><\/p><p><span style=\"font-weight: 400;\">Temat wybieracie Wy. Ja wnosz\u0119 do\u015bwiadczenie, praktyczne rozwi\u0105zania i perspektyw\u0119 osoby, kt\u00f3ra przeprowadzi\u0142a dziesi\u0105tki Par przez ca\u0142y proces.<\/span><\/p>\t\t\t\t\t\t\t\t<\/div>\n\t\t\t\t<div class=\"elementor-element elementor-element-13d54eff elementor-widget-divider--view-line elementor-widget elementor-widget-divider\" data-id=\"13d54eff\" data-element_type=\"widget\" data-widget_type=\"divider.default\">\n\t\t\t\t\t\t\t<div class=\"elementor-divider\">\n\t\t\t<span class=\"elementor-divider-separator\">\n\t\t\t\t\t\t<\/span>\n\t\t<\/div>\n\t\t\t\t\t\t<\/div>\n\t\t\t\t<div class=\"elementor-element elementor-element-6875d347 elementor-widget elementor-widget-heading\" data-id=\"6875d347\" data-element_type=\"widget\" data-widget_type=\"heading.default\">\n\t\t\t\t\t<h2 class=\"elementor-heading-title elementor-size-default\">Podczas konsultacji mog\u0119 mi\u0119dzy innymi:\n<\/h2>\t\t\t\t<\/div>\n\t\t\t\t<div class=\"elementor-element elementor-element-57df581f elementor-widget__width-initial elementor-widget elementor-widget-text-editor\" data-id=\"57df581f\" data-element_type=\"widget\" data-widget_type=\"text-editor.default\">\n\t\t\t\t\t\t\t\t\t<ul><li><span style=\"font-weight: 400;\"> przeanalizowa\u0107 umowy i wskaza\u0107 zapisy wymagaj\u0105ce uwagi,<\/span><\/li><li><span style=\"font-weight: 400;\"> pom\u00f3c w negocjacjach lub rozmowach z us\u0142ugodawcami,<\/span><\/li><li><span style=\"font-weight: 400;\"> zarekomendowa\u0107 sprawdzonych podwykonawc\u00f3w,<\/span><\/li><li><span style=\"font-weight: 400;\"> uporz\u0105dkowa\u0107 harmonogram przygotowa\u0144,<\/span><\/li><li><span style=\"font-weight: 400;\"> dopracowa\u0107 koncepcj\u0119 stylistyczn\u0105,<\/span><\/li><li><span style=\"font-weight: 400;\"> przygotowa\u0107 Was do samodzielnej koordynacji dnia \u015blubu,<\/span><\/li><li><span style=\"font-weight: 400;\"> przeanalizowa\u0107 bud\u017cet i wskaza\u0107 miejsca, gdzie mo\u017cna go zoptymalizowa\u0107.<br \/><\/span><span style=\"font-weight: 400;\"><br \/>To konkretne wsparcie. Bez og\u00f3lnik\u00f3w. Bez przypadkowych porad.<br \/><\/span><\/li><\/ul>\t\t\t\t\t\t\t\t<\/div>\n\t\t\t\t<div class=\"elementor-element elementor-element-56a8f0d elementor-widget elementor-widget-heading\" data-id=\"56a8f0d\" data-element_type=\"widget\" data-widget_type=\"heading.default\">\n\t\t\t\t\t<h2 class=\"elementor-heading-title elementor-size-default\">Us\u0142uga Bridal Concierge to z kolei elastyczna pomoc w pojedynczych zadaniach organizacyjnych.\n<\/h2>\t\t\t\t<\/div>\n\t\t\t\t<div class=\"elementor-element elementor-element-424b5e4b elementor-widget__width-initial elementor-widget elementor-widget-text-editor\" data-id=\"424b5e4b\" data-element_type=\"widget\" data-widget_type=\"text-editor.default\">\n\t\t\t\t\t\t\t\t\t<p><span style=\"font-weight: 400;\">Mo\u017ce to by\u0107 wsparcie w rezerwacji us\u0142ug, nadzorze nad wybranym elementem przyj\u0119cia, opiece nad Par\u0105 w dniu \u015blubu lub szybka interwencja w sytuacjach wymagaj\u0105cych do\u015bwiadczenia i zdecydowanych dzia\u0142a\u0144.<\/span><\/p>\t\t\t\t\t\t\t\t<\/div>\n\t\t\t\t<div class=\"elementor-element elementor-element-4a12d3fd elementor-widget elementor-widget-heading\" data-id=\"4a12d3fd\" data-element_type=\"widget\" data-widget_type=\"heading.default\">\n\t\t\t\t\t<h2 class=\"elementor-heading-title elementor-size-default\">Um\u00f3w konsultacj\u0119 i wykorzystajmy te dwie godziny maksymalnie.\n<\/h2>\t\t\t\t<\/div>\n\t\t\t\t<div class=\"elementor-element elementor-element-46aba2be elementor-widget__width-initial elementor-widget elementor-widget-text-editor\" data-id=\"46aba2be\" data-element_type=\"widget\" data-widget_type=\"text-editor.default\">\n\t\t\t\t\t\t\t\t\t<p><span style=\"font-weight: 400;\">Je\u015bli chcecie dzia\u0142a\u0107 samodzielnie, ale z profesjonalnym zapleczem i poczuciem bezpiecze\u0144stwa \u2014 to rozwi\u0105zanie dla Was.<\/span><\/p>\t\t\t\t\t\t\t\t<\/div>\n\t\t\t\t\t<\/div>\n\t\t\t\t<\/div>\n\t\t<div class=\"elementor-element elementor-element-3bc00313 e-flex e-con-boxed e-con e-parent\" data-id=\"3bc00313\" data-element_type=\"container\">\n\t\t\t\t\t<div class=\"e-con-inner\">\n\t\t\t\t<div class=\"elementor-element elementor-element-576c1719 elementor-widget elementor-widget-spacer\" data-id=\"576c1719\" data-element_type=\"widget\" data-widget_type=\"spacer.default\">\n\t\t\t\t\t\t\t<div class=\"elementor-spacer\">\n\t\t\t<div class=\"elementor-spacer-inner\"><\/div>\n\t\t<\/div>\n\t\t\t\t\t\t<\/div>\n\t\t\t\t\t<\/div>\n\t\t\t\t<\/div>\n\t\t<div class=\"elementor-element elementor-element-37a92b6c e-flex e-con-boxed e-con e-parent\" data-id=\"37a92b6c\" data-element_type=\"container\" data-settings=\"{&quot;background_background&quot;:&quot;classic&quot;}\">\n\t\t\t\t\t<div class=\"e-con-inner\">\n\t\t\t\t<div class=\"elementor-element elementor-element-48660aad elementor-widget elementor-widget-heading\" data-id=\"48660aad\" data-element_type=\"widget\" data-widget_type=\"heading.default\">\n\t\t\t\t\t<h1 class=\"elementor-heading-title elementor-size-default\">Kontakt<\/h1>\t\t\t\t<\/div>\n\t\t\t\t<div class=\"elementor-element elementor-element-ecc015c elementor-widget__width-initial elementor-invisible elementor-widget elementor-widget-heading\" data-id=\"ecc015c\" data-element_type=\"widget\" data-settings=\"{&quot;_animation&quot;:&quot;fadeIn&quot;,&quot;_animation_delay&quot;:200}\" data-widget_type=\"heading.default\">\n\t\t\t\t\t<h2 class=\"elementor-heading-title elementor-size-default\">Porozmawiajmy<\/h2>\t\t\t\t<\/div>\n\t\t\t\t<div class=\"elementor-element elementor-element-67a1843c elementor-widget__width-initial elementor-invisible elementor-widget elementor-widget-heading\" data-id=\"67a1843c\" data-element_type=\"widget\" data-settings=\"{&quot;_animation&quot;:&quot;fadeIn&quot;,&quot;_animation_delay&quot;:200}\" data-widget_type=\"heading.default\">\n\t\t\t\t\t<h2 class=\"elementor-heading-title elementor-size-default\">o Waszym \u015blubie.<\/h2>\t\t\t\t<\/div>\n\t\t\t\t<div class=\"elementor-element elementor-element-375982aa elementor-widget__width-initial elementor-invisible elementor-widget elementor-widget-text-editor\" data-id=\"375982aa\" data-element_type=\"widget\" data-settings=\"{&quot;_animation&quot;:&quot;fadeIn&quot;,&quot;_animation_delay&quot;:400}\" data-widget_type=\"text-editor.default\">\n\t\t\t\t\t\t\t\t\t<p>Opowiedzcie mi o swoim dniu \u2014 stworz\u0119 plan, kt\u00f3ry poprowadzi <br \/>Was do pi\u0119knej, sp\u00f3jnej i wyj\u0105tkowej uroczysto\u015bci. <br \/>Czekam na Wasz\u0105 wiadomo\u015b\u0107.<\/p>\t\t\t\t\t\t\t\t<\/div>\n\t\t<div class=\"elementor-element elementor-element-635b140f e-con-full e-flex e-con e-child\" data-id=\"635b140f\" data-element_type=\"container\">\n\t\t<div class=\"elementor-element elementor-element-403793ef e-con-full e-flex e-con e-child\" data-id=\"403793ef\" data-element_type=\"container\">\n\t\t\t\t<div class=\"elementor-element elementor-element-6b525e1e elementor-align-left elementor-widget elementor-widget-button\" data-id=\"6b525e1e\" data-element_type=\"widget\" data-widget_type=\"button.default\">\n\t\t\t\t\t\t\t\t\t\t<a class=\"elementor-button elementor-button-link elementor-size-sm\" href=\"https:\/\/wizualna-test.eu\/?page_id=222\">\n\t\t\t\t\t\t<span class=\"elementor-button-content-wrapper\">\n\t\t\t\t\t\t\t\t\t<span class=\"elementor-button-text\">Um\u00f3w swoj\u0105 konsultacj\u0119<\/span>\n\t\t\t\t\t<\/span>\n\t\t\t\t\t<\/a>\n\t\t\t\t\t\t\t\t<\/div>\n\t\t\t\t<\/div>\n\t\t\t\t<\/div>\n\t\t\t\t\t<\/div>\n\t\t\t\t<\/div>\n\t\t\t\t<\/div>\n\t\t","protected":false},"excerpt":{"rendered":"<p>KONSULTACJE \u015aLUBNE I BRIDAL CONCIERGE Je\u015bli co\u015b budzi Wasze w\u0105tpliwo\u015bci, jedna konsultacja mo\u017ce pom\u00f3c je rozwi\u0105za\u0107. Um\u00f3w konsultacj\u0119 Nie ka\u017cda Para potrzebuje pe\u0142nej organizacji. Czasem wystarczy jedno dobrze poprowadzone spotkanie&#8230; \u017ceby odzyska\u0107 klarowno\u015b\u0107, uporz\u0105dkowa\u0107 chaos i ruszy\u0107 dalej z pewno\u015bci\u0105, \u017ce podejmujecie w\u0142a\u015bciwe decyzje.Konsultacje \u015blubne to intensywna, dwugodzinna rozmowa, podczas kt\u00f3rej skupiamy si\u0119 wy\u0142\u0105cznie na [&hellip;]<\/p>\n","protected":false},"author":1,"featured_media":0,"parent":0,"menu_order":0,"comment_status":"closed","ping_status":"closed","template":"","meta":{"footnotes":""},"class_list":["post-1084","page","type-page","status-publish","hentry"],"_links":{"self":[{"href":"https:\/\/wizualna-test.eu\/index.php?rest_route=\/wp\/v2\/pages\/1084","targetHints":{"allow":["GET"]}}],"collection":[{"href":"https:\/\/wizualna-test.eu\/index.php?rest_route=\/wp\/v2\/pages"}],"about":[{"href":"https:\/\/wizualna-test.eu\/index.php?rest_route=\/wp\/v2\/types\/page"}],"author":[{"embeddable":true,"href":"https:\/\/wizualna-test.eu\/index.php?rest_route=\/wp\/v2\/users\/1"}],"replies":[{"embeddable":true,"href":"https:\/\/wizualna-test.eu\/index.php?rest_route=%2Fwp%2Fv2%2Fcomments&post=1084"}],"version-history":[{"count":4,"href":"https:\/\/wizualna-test.eu\/index.php?rest_route=\/wp\/v2\/pages\/1084\/revisions"}],"predecessor-version":[{"id":1088,"href":"https:\/\/wizualna-test.eu\/index.php?rest_route=\/wp\/v2\/pages\/1084\/revisions\/1088"}],"wp:attachment":[{"href":"https:\/\/wizualna-test.eu\/index.php?rest_route=%2Fwp%2Fv2%2Fmedia&parent=1084"}],"curies":[{"name":"wp","href":"https:\/\/api.w.org\/{rel}","templated":true}]}}