{"id":1066,"date":"2026-03-25T11:29:32","date_gmt":"2026-03-25T10:29:32","guid":{"rendered":"https:\/\/wizualna-test.eu\/?page_id=1066"},"modified":"2026-03-25T11:36:20","modified_gmt":"2026-03-25T10:36:20","slug":"czesciowa-organizacja-slubu-i-wesela","status":"publish","type":"page","link":"https:\/\/wizualna-test.eu\/?page_id=1066","title":{"rendered":"Cz\u0119\u015bciowa organizacja \u015blubu i wesela"},"content":{"rendered":"\t\t<div data-elementor-type=\"wp-page\" data-elementor-id=\"1066\" class=\"elementor elementor-1066\" data-elementor-post-type=\"page\">\n\t\t\t\t<div class=\"elementor-element elementor-element-46dda1c e-flex e-con-boxed e-con e-parent\" data-id=\"46dda1c\" data-element_type=\"container\" data-settings=\"{&quot;background_background&quot;:&quot;classic&quot;}\">\n\t\t\t\t\t<div class=\"e-con-inner\">\n\t\t\t\t\t<\/div>\n\t\t\t\t<\/div>\n\t\t<div class=\"elementor-element elementor-element-66420a1b e-flex e-con-boxed e-con e-parent\" data-id=\"66420a1b\" data-element_type=\"container\" data-settings=\"{&quot;background_background&quot;:&quot;classic&quot;}\">\n\t\t\t\t\t<div class=\"e-con-inner\">\n\t\t<div class=\"elementor-element elementor-element-19b020d7 e-con-full e-flex e-con e-child\" data-id=\"19b020d7\" data-element_type=\"container\">\n\t\t<div class=\"elementor-element elementor-element-3009353 e-con-full e-flex e-con e-child\" data-id=\"3009353\" data-element_type=\"container\" data-settings=\"{&quot;background_background&quot;:&quot;classic&quot;}\">\n\t\t\t\t<\/div>\n\t\t<div class=\"elementor-element elementor-element-60d95003 e-con-full e-flex e-con e-child\" data-id=\"60d95003\" data-element_type=\"container\" data-settings=\"{&quot;background_background&quot;:&quot;classic&quot;}\">\n\t\t\t\t<div class=\"elementor-element elementor-element-6940cbc8 elementor-widget elementor-widget-image-box\" data-id=\"6940cbc8\" data-element_type=\"widget\" data-widget_type=\"image-box.default\">\n\t\t\t\t\t<div class=\"elementor-image-box-wrapper\"><div class=\"elementor-image-box-content\"><h2 class=\"elementor-image-box-title\">CZ\u0118\u015aCIOWA ORGANIZACJA \u015aLUBU I WESELA<\/h2><\/div><\/div>\t\t\t\t<\/div>\n\t\t\t\t<div class=\"elementor-element elementor-element-57162e8d elementor-widget__width-initial elementor-widget elementor-widget-text-editor\" data-id=\"57162e8d\" data-element_type=\"widget\" data-widget_type=\"text-editor.default\">\n\t\t\t\t\t\t\t\t\t<p>Nie ka\u017cda Para potrzebuje organizacji od pocz\u0105tku do ko\u0144ca.<\/p>\t\t\t\t\t\t\t\t<\/div>\n\t\t\t\t<div class=\"elementor-element elementor-element-4415ddb elementor-widget-divider--view-line elementor-widget elementor-widget-divider\" data-id=\"4415ddb\" data-element_type=\"widget\" data-widget_type=\"divider.default\">\n\t\t\t\t\t\t\t<div class=\"elementor-divider\">\n\t\t\t<span class=\"elementor-divider-separator\">\n\t\t\t\t\t\t<\/span>\n\t\t<\/div>\n\t\t\t\t\t\t<\/div>\n\t\t\t\t<div class=\"elementor-element elementor-element-c7a0293 elementor-widget elementor-widget-text-editor\" data-id=\"c7a0293\" data-element_type=\"widget\" data-widget_type=\"text-editor.default\">\n\t\t\t\t\t\t\t\t\t<p><strong>Cena pakietu ustalana jest\u00a0<\/strong><b>indywidualnie<\/b><\/p>\t\t\t\t\t\t\t\t<\/div>\n\t\t\t\t<div class=\"elementor-element elementor-element-129aaca0 elementor-align-center elementor-widget elementor-widget-button\" data-id=\"129aaca0\" data-element_type=\"widget\" data-widget_type=\"button.default\">\n\t\t\t\t\t\t\t\t\t\t<a class=\"elementor-button elementor-button-link elementor-size-sm\" href=\"https:\/\/wizualna-test.eu\/?page_id=222\">\n\t\t\t\t\t\t<span class=\"elementor-button-content-wrapper\">\n\t\t\t\t\t\t\t\t\t<span class=\"elementor-button-text\">Zapytaj ofert\u0119<\/span>\n\t\t\t\t\t<\/span>\n\t\t\t\t\t<\/a>\n\t\t\t\t\t\t\t\t<\/div>\n\t\t\t\t<\/div>\n\t\t\t\t<\/div>\n\t\t\t\t\t<\/div>\n\t\t\t\t<\/div>\n\t\t<div class=\"elementor-element elementor-element-65b33caa e-flex e-con-boxed e-con e-parent\" data-id=\"65b33caa\" data-element_type=\"container\">\n\t\t\t\t\t<div class=\"e-con-inner\">\n\t\t\t\t<div class=\"elementor-element elementor-element-e6827c3 elementor-widget elementor-widget-spacer\" data-id=\"e6827c3\" data-element_type=\"widget\" data-widget_type=\"spacer.default\">\n\t\t\t\t\t\t\t<div class=\"elementor-spacer\">\n\t\t\t<div class=\"elementor-spacer-inner\"><\/div>\n\t\t<\/div>\n\t\t\t\t\t\t<\/div>\n\t\t\t\t<div class=\"elementor-element elementor-element-37c11564 elementor-widget__width-initial elementor-widget elementor-widget-heading\" data-id=\"37c11564\" data-element_type=\"widget\" data-widget_type=\"heading.default\">\n\t\t\t\t\t<h2 class=\"elementor-heading-title elementor-size-default\">Czasem macie ju\u017c wybrane miejsce. Czasem podpisane pierwsze umowy. <\/h2>\t\t\t\t<\/div>\n\t\t\t\t<div class=\"elementor-element elementor-element-f8e6227 elementor-widget__width-initial elementor-widget elementor-widget-heading\" data-id=\"f8e6227\" data-element_type=\"widget\" data-widget_type=\"heading.default\">\n\t\t\t\t\t<h2 class=\"elementor-heading-title elementor-size-default\">A czasem po prostu chcecie zachowa\u0107 cz\u0119\u015b\u0107 przygotowa\u0144 dla siebie, a reszt\u0119 odda\u0107 w profesjonalne r\u0119ce.\n<\/h2>\t\t\t\t<\/div>\n\t\t\t\t<div class=\"elementor-element elementor-element-6a0ac9e2 elementor-widget__width-initial elementor-widget elementor-widget-text-editor\" data-id=\"6a0ac9e2\" data-element_type=\"widget\" data-widget_type=\"text-editor.default\">\n\t\t\t\t\t\t\t\t\t<p><span style=\"font-weight: 400;\">Pakiet Cz\u0119\u015bciowa Organizacja to elastyczne wsparcie dopasowane dok\u0142adnie do momentu, w kt\u00f3rym jeste\u015bcie.<\/span><\/p><p><span style=\"font-weight: 400;\">Wsp\u00f3lnie definiujemy zakres wsp\u00f3\u0142pracy.<\/span><\/p><p><span style=\"font-weight: 400;\">Rozmawiamy o tym, co ju\u017c jest gotowe, gdzie pojawiaj\u0105 si\u0119 w\u0105tpliwo\u015bci i kt\u00f3re elementy chcecie powierzy\u0107 wedding plannerowi. Na tej podstawie tworz\u0119 plan dzia\u0142ania skrojony wy\u0142\u0105cznie pod Was.<\/span><\/p><p><span style=\"font-weight: 400;\">Bez wzgl\u0119du na zakres dzia\u0142a\u0144 mo\u017cecie liczy\u0107 na pe\u0142ne zaanga\u017cowanie, do\u015bwiadczenie i spokojne prowadzenie procesu.<\/span><\/p>\t\t\t\t\t\t\t\t<\/div>\n\t\t\t\t<div class=\"elementor-element elementor-element-11ee443c elementor-widget-divider--view-line elementor-widget elementor-widget-divider\" data-id=\"11ee443c\" data-element_type=\"widget\" data-widget_type=\"divider.default\">\n\t\t\t\t\t\t\t<div class=\"elementor-divider\">\n\t\t\t<span class=\"elementor-divider-separator\">\n\t\t\t\t\t\t<\/span>\n\t\t<\/div>\n\t\t\t\t\t\t<\/div>\n\t\t\t\t<div class=\"elementor-element elementor-element-793546b8 elementor-widget elementor-widget-heading\" data-id=\"793546b8\" data-element_type=\"widget\" data-widget_type=\"heading.default\">\n\t\t\t\t\t<h2 class=\"elementor-heading-title elementor-size-default\">Ten pakiet jest idealny dla Par, kt\u00f3re:\n<\/h2>\t\t\t\t<\/div>\n\t\t\t\t<div class=\"elementor-element elementor-element-5aa9c83 elementor-widget__width-initial elementor-widget elementor-widget-text-editor\" data-id=\"5aa9c83\" data-element_type=\"widget\" data-widget_type=\"text-editor.default\">\n\t\t\t\t\t\t\t\t\t<ul><li><span style=\"font-weight: 400;\"> rozpocz\u0119\u0142y ju\u017c przygotowania, ale potrzebuj\u0105 profesjonalnego wsparcia w wybranych obszarach,<\/span><\/li><li><span style=\"font-weight: 400;\"> chc\u0105 uporz\u0105dkowa\u0107 chaos organizacyjny,<\/span><\/li><li><span style=\"font-weight: 400;\"> potrzebuj\u0105 pomocy w kluczowych decyzjach,<\/span><\/li><li><span style=\"font-weight: 400;\"><span style=\"font-weight: 400;\"> chc\u0105 mie\u0107 pewno\u015b\u0107, \u017ce wszystko zmierza w dobrym kierunku.<\/span><\/span><\/li><\/ul>\t\t\t\t\t\t\t\t<\/div>\n\t\t\t\t<div class=\"elementor-element elementor-element-2f07d0a8 elementor-widget elementor-widget-heading\" data-id=\"2f07d0a8\" data-element_type=\"widget\" data-widget_type=\"heading.default\">\n\t\t\t\t\t<h2 class=\"elementor-heading-title elementor-size-default\">Mo\u017cecie skorzysta\u0107 z mojego wsparcia mi\u0119dzy innymi w zakresie:<\/h2>\t\t\t\t<\/div>\n\t\t\t\t<div class=\"elementor-element elementor-element-cca7f89 elementor-widget__width-initial elementor-widget elementor-widget-text-editor\" data-id=\"cca7f89\" data-element_type=\"widget\" data-widget_type=\"text-editor.default\">\n\t\t\t\t\t\t\t\t\t<ul><li><span style=\"font-weight: 400;\">pomocy w formalno\u015bciach \u015blubnych,<\/span><\/li><li><span style=\"font-weight: 400;\"> wyszukania i weryfikacji miejsca przyj\u0119cia weselnego,<\/span><\/li><li><span style=\"font-weight: 400;\"> organizacji ceremonii za\u015blubin,<\/span><\/li><li><span style=\"font-weight: 400;\"> opracowania stylistyki i koncepcji przyj\u0119cia,<\/span><\/li><li><span style=\"font-weight: 400;\"> wyszukania i weryfikacji podwykonawc\u00f3w,<\/span><\/li><li><span style=\"font-weight: 400;\"> rekomendacji i organizacji atrakcji weselnych,<\/span><\/li><li><span style=\"font-weight: 400;\"> przygotowania harmonogramu przygotowa\u0144 oraz scenariusza dnia \u015blubu,<\/span><\/li><li><span style=\"font-weight: 400;\"> organizacji zaprosze\u0144 i papeterii,<\/span><\/li><li><span style=\"font-weight: 400;\"> przygotowania bud\u017cetu oraz kontroli wydatk\u00f3w,<\/span><\/li><li><span style=\"font-weight: 400;\"> organizacji transportu i wsparcia logistycznego,<\/span><\/li><li><span style=\"font-weight: 400;\"> koordynacji przyj\u0119cia,<\/span><\/li><li><span style=\"font-weight: 400;\"> us\u0142ugi bridal concierge.<\/span><\/li><\/ul>\t\t\t\t\t\t\t\t<\/div>\n\t\t\t\t<div class=\"elementor-element elementor-element-6e71c34 elementor-widget elementor-widget-heading\" data-id=\"6e71c34\" data-element_type=\"widget\" data-widget_type=\"heading.default\">\n\t\t\t\t\t<h2 class=\"elementor-heading-title elementor-size-default\">Dzi\u0119ki temu:<\/h2>\t\t\t\t<\/div>\n\t\t\t\t<div class=\"elementor-element elementor-element-14111e77 elementor-widget__width-initial elementor-widget elementor-widget-text-editor\" data-id=\"14111e77\" data-element_type=\"widget\" data-widget_type=\"text-editor.default\">\n\t\t\t\t\t\t\t\t\t<p><span style=\"font-weight: 400;\">Zachowujecie kontrol\u0119 nad tym, co jest dla Was najwa\u017cniejsze, a jednocze\u015bnie zyskujecie profesjonalne wsparcie tam, gdzie naprawd\u0119 go potrzebujecie.<\/span><\/p>\t\t\t\t\t\t\t\t<\/div>\n\t\t\t\t<div class=\"elementor-element elementor-element-2b05ac22 elementor-widget-divider--view-line elementor-widget elementor-widget-divider\" data-id=\"2b05ac22\" data-element_type=\"widget\" data-widget_type=\"divider.default\">\n\t\t\t\t\t\t\t<div class=\"elementor-divider\">\n\t\t\t<span class=\"elementor-divider-separator\">\n\t\t\t\t\t\t<\/span>\n\t\t<\/div>\n\t\t\t\t\t\t<\/div>\n\t\t\t\t<div class=\"elementor-element elementor-element-2a7e9284 elementor-widget elementor-widget-heading\" data-id=\"2a7e9284\" data-element_type=\"widget\" data-widget_type=\"heading.default\">\n\t\t\t\t\t<h2 class=\"elementor-heading-title elementor-size-default\">Cena pakietu ustalana jest indywidualnie i zale\u017cy od zakresu wsp\u00f3\u0142pracy oraz etapu przygotowa\u0144.<\/h2>\t\t\t\t<\/div>\n\t\t\t\t<div class=\"elementor-element elementor-element-27d9a1ab elementor-widget__width-initial elementor-widget elementor-widget-text-editor\" data-id=\"27d9a1ab\" data-element_type=\"widget\" data-widget_type=\"text-editor.default\">\n\t\t\t\t\t\t\t\t\t<p><span style=\"font-weight: 400;\">Ka\u017cde wesele jest jednak wyj\u0105tkowe, dlatego ostateczna wycena powstaje dopiero po rozmowie z Wami i dostosowaniu zakresu us\u0142ug do Waszych marze\u0144 i momentu w kt\u00f3rym obecnie znajdujecie si\u0119 z przygotowaniami.<\/span><\/p>\t\t\t\t\t\t\t\t<\/div>\n\t\t\t\t\t<\/div>\n\t\t\t\t<\/div>\n\t\t<div class=\"elementor-element elementor-element-50cc0b8e e-flex e-con-boxed e-con e-parent\" data-id=\"50cc0b8e\" data-element_type=\"container\">\n\t\t\t\t\t<div class=\"e-con-inner\">\n\t\t\t\t<div class=\"elementor-element elementor-element-1e8f2be6 elementor-widget elementor-widget-spacer\" data-id=\"1e8f2be6\" data-element_type=\"widget\" data-widget_type=\"spacer.default\">\n\t\t\t\t\t\t\t<div class=\"elementor-spacer\">\n\t\t\t<div class=\"elementor-spacer-inner\"><\/div>\n\t\t<\/div>\n\t\t\t\t\t\t<\/div>\n\t\t\t\t\t<\/div>\n\t\t\t\t<\/div>\n\t\t<div class=\"elementor-element elementor-element-9a5efbc e-flex e-con-boxed e-con e-parent\" data-id=\"9a5efbc\" data-element_type=\"container\" data-settings=\"{&quot;background_background&quot;:&quot;classic&quot;}\">\n\t\t\t\t\t<div class=\"e-con-inner\">\n\t\t\t\t<div class=\"elementor-element elementor-element-7aa7583c elementor-widget elementor-widget-heading\" data-id=\"7aa7583c\" data-element_type=\"widget\" data-widget_type=\"heading.default\">\n\t\t\t\t\t<h1 class=\"elementor-heading-title elementor-size-default\">Kontakt<\/h1>\t\t\t\t<\/div>\n\t\t\t\t<div class=\"elementor-element elementor-element-6281512f elementor-widget__width-initial elementor-invisible elementor-widget elementor-widget-heading\" data-id=\"6281512f\" data-element_type=\"widget\" data-settings=\"{&quot;_animation&quot;:&quot;fadeIn&quot;,&quot;_animation_delay&quot;:200}\" data-widget_type=\"heading.default\">\n\t\t\t\t\t<h2 class=\"elementor-heading-title elementor-size-default\">Porozmawiajmy<\/h2>\t\t\t\t<\/div>\n\t\t\t\t<div class=\"elementor-element elementor-element-2e45911e elementor-widget__width-initial elementor-invisible elementor-widget elementor-widget-heading\" data-id=\"2e45911e\" data-element_type=\"widget\" data-settings=\"{&quot;_animation&quot;:&quot;fadeIn&quot;,&quot;_animation_delay&quot;:200}\" data-widget_type=\"heading.default\">\n\t\t\t\t\t<h2 class=\"elementor-heading-title elementor-size-default\">o Waszym \u015blubie.<\/h2>\t\t\t\t<\/div>\n\t\t\t\t<div class=\"elementor-element elementor-element-7126af24 elementor-widget__width-initial elementor-invisible elementor-widget elementor-widget-text-editor\" data-id=\"7126af24\" data-element_type=\"widget\" data-settings=\"{&quot;_animation&quot;:&quot;fadeIn&quot;,&quot;_animation_delay&quot;:400}\" data-widget_type=\"text-editor.default\">\n\t\t\t\t\t\t\t\t\t<p>Opowiedzcie mi o swoim dniu \u2014 stworz\u0119 plan, kt\u00f3ry poprowadzi <br \/>Was do pi\u0119knej, sp\u00f3jnej i wyj\u0105tkowej uroczysto\u015bci. <br \/>Czekam na Wasz\u0105 wiadomo\u015b\u0107.<\/p>\t\t\t\t\t\t\t\t<\/div>\n\t\t<div class=\"elementor-element elementor-element-61568f66 e-con-full e-flex e-con e-child\" data-id=\"61568f66\" data-element_type=\"container\">\n\t\t<div class=\"elementor-element elementor-element-11224c09 e-con-full e-flex e-con e-child\" data-id=\"11224c09\" data-element_type=\"container\">\n\t\t\t\t<div class=\"elementor-element elementor-element-d3daa46 elementor-align-left elementor-widget elementor-widget-button\" data-id=\"d3daa46\" data-element_type=\"widget\" data-widget_type=\"button.default\">\n\t\t\t\t\t\t\t\t\t\t<a class=\"elementor-button elementor-button-link elementor-size-sm\" href=\"https:\/\/wizualna-test.eu\/?page_id=222\">\n\t\t\t\t\t\t<span class=\"elementor-button-content-wrapper\">\n\t\t\t\t\t\t\t\t\t<span class=\"elementor-button-text\">Um\u00f3w swoj\u0105 konsultacj\u0119<\/span>\n\t\t\t\t\t<\/span>\n\t\t\t\t\t<\/a>\n\t\t\t\t\t\t\t\t<\/div>\n\t\t\t\t<\/div>\n\t\t\t\t<\/div>\n\t\t\t\t\t<\/div>\n\t\t\t\t<\/div>\n\t\t\t\t<\/div>\n\t\t","protected":false},"excerpt":{"rendered":"<p>CZ\u0118\u015aCIOWA ORGANIZACJA \u015aLUBU I WESELA Nie ka\u017cda Para potrzebuje organizacji od pocz\u0105tku do ko\u0144ca. Cena pakietu ustalana jest\u00a0indywidualnie Zapytaj ofert\u0119 Czasem macie ju\u017c wybrane miejsce. Czasem podpisane pierwsze umowy. A czasem po prostu chcecie zachowa\u0107 cz\u0119\u015b\u0107 przygotowa\u0144 dla siebie, a reszt\u0119 odda\u0107 w profesjonalne r\u0119ce. Pakiet Cz\u0119\u015bciowa Organizacja to elastyczne wsparcie dopasowane dok\u0142adnie do momentu, [&hellip;]<\/p>\n","protected":false},"author":1,"featured_media":0,"parent":0,"menu_order":0,"comment_status":"closed","ping_status":"closed","template":"","meta":{"footnotes":""},"class_list":["post-1066","page","type-page","status-publish","hentry"],"_links":{"self":[{"href":"https:\/\/wizualna-test.eu\/index.php?rest_route=\/wp\/v2\/pages\/1066","targetHints":{"allow":["GET"]}}],"collection":[{"href":"https:\/\/wizualna-test.eu\/index.php?rest_route=\/wp\/v2\/pages"}],"about":[{"href":"https:\/\/wizualna-test.eu\/index.php?rest_route=\/wp\/v2\/types\/page"}],"author":[{"embeddable":true,"href":"https:\/\/wizualna-test.eu\/index.php?rest_route=\/wp\/v2\/users\/1"}],"replies":[{"embeddable":true,"href":"https:\/\/wizualna-test.eu\/index.php?rest_route=%2Fwp%2Fv2%2Fcomments&post=1066"}],"version-history":[{"count":10,"href":"https:\/\/wizualna-test.eu\/index.php?rest_route=\/wp\/v2\/pages\/1066\/revisions"}],"predecessor-version":[{"id":1080,"href":"https:\/\/wizualna-test.eu\/index.php?rest_route=\/wp\/v2\/pages\/1066\/revisions\/1080"}],"wp:attachment":[{"href":"https:\/\/wizualna-test.eu\/index.php?rest_route=%2Fwp%2Fv2%2Fmedia&parent=1066"}],"curies":[{"name":"wp","href":"https:\/\/api.w.org\/{rel}","templated":true}]}}