{"id":1055,"date":"2026-03-25T11:21:05","date_gmt":"2026-03-25T10:21:05","guid":{"rendered":"https:\/\/wizualna-test.eu\/?page_id=1055"},"modified":"2026-03-25T13:49:16","modified_gmt":"2026-03-25T12:49:16","slug":"koordynacja-dnia-slubu","status":"publish","type":"page","link":"https:\/\/wizualna-test.eu\/?page_id=1055","title":{"rendered":"Koordynacja dnia \u015blubu"},"content":{"rendered":"\t\t<div data-elementor-type=\"wp-page\" data-elementor-id=\"1055\" class=\"elementor elementor-1055\" data-elementor-post-type=\"page\">\n\t\t\t\t<div class=\"elementor-element elementor-element-7352fe29 e-flex e-con-boxed e-con e-parent\" data-id=\"7352fe29\" data-element_type=\"container\" data-settings=\"{&quot;background_background&quot;:&quot;classic&quot;}\">\n\t\t\t\t\t<div class=\"e-con-inner\">\n\t\t\t\t\t<\/div>\n\t\t\t\t<\/div>\n\t\t<div class=\"elementor-element elementor-element-5a408d5f e-flex e-con-boxed e-con e-parent\" data-id=\"5a408d5f\" data-element_type=\"container\" data-settings=\"{&quot;background_background&quot;:&quot;classic&quot;}\">\n\t\t\t\t\t<div class=\"e-con-inner\">\n\t\t<div class=\"elementor-element elementor-element-5d2d99f9 e-con-full e-flex e-con e-child\" data-id=\"5d2d99f9\" data-element_type=\"container\">\n\t\t<div class=\"elementor-element elementor-element-2ae1ffa1 e-con-full e-flex e-con e-child\" data-id=\"2ae1ffa1\" data-element_type=\"container\" data-settings=\"{&quot;background_background&quot;:&quot;classic&quot;}\">\n\t\t\t\t<\/div>\n\t\t<div class=\"elementor-element elementor-element-fd3d9e4 e-con-full e-flex e-con e-child\" data-id=\"fd3d9e4\" data-element_type=\"container\" data-settings=\"{&quot;background_background&quot;:&quot;classic&quot;}\">\n\t\t\t\t<div class=\"elementor-element elementor-element-12dc7eca elementor-widget elementor-widget-image-box\" data-id=\"12dc7eca\" data-element_type=\"widget\" data-widget_type=\"image-box.default\">\n\t\t\t\t\t<div class=\"elementor-image-box-wrapper\"><div class=\"elementor-image-box-content\"><h2 class=\"elementor-image-box-title\">Koordynacja dnia \u015blubu<\/h2><\/div><\/div>\t\t\t\t<\/div>\n\t\t\t\t<div class=\"elementor-element elementor-element-736a3982 elementor-widget__width-initial elementor-widget elementor-widget-text-editor\" data-id=\"736a3982\" data-element_type=\"widget\" data-widget_type=\"text-editor.default\">\n\t\t\t\t\t\t\t\t\t<p>Niewidoczna praca, kt\u00f3ra sprawia, \u017ce wszystko<br \/>idzie jak w zegarku.<\/p>\t\t\t\t\t\t\t\t<\/div>\n\t\t\t\t<div class=\"elementor-element elementor-element-1530e852 elementor-widget-divider--view-line elementor-widget elementor-widget-divider\" data-id=\"1530e852\" data-element_type=\"widget\" data-widget_type=\"divider.default\">\n\t\t\t\t\t\t\t<div class=\"elementor-divider\">\n\t\t\t<span class=\"elementor-divider-separator\">\n\t\t\t\t\t\t<\/span>\n\t\t<\/div>\n\t\t\t\t\t\t<\/div>\n\t\t\t\t<div class=\"elementor-element elementor-element-5523060a elementor-widget elementor-widget-text-editor\" data-id=\"5523060a\" data-element_type=\"widget\" data-widget_type=\"text-editor.default\">\n\t\t\t\t\t\t\t\t\t<p><strong>Cena zaczyna si\u0119 od: 4 500 z\u0142 <\/strong><\/p>\t\t\t\t\t\t\t\t<\/div>\n\t\t\t\t<div class=\"elementor-element elementor-element-44a6ebc5 elementor-align-center elementor-widget elementor-widget-button\" data-id=\"44a6ebc5\" data-element_type=\"widget\" data-widget_type=\"button.default\">\n\t\t\t\t\t\t\t\t\t\t<a class=\"elementor-button elementor-button-link elementor-size-sm\" href=\"https:\/\/wizualna-test.eu\/?page_id=222\">\n\t\t\t\t\t\t<span class=\"elementor-button-content-wrapper\">\n\t\t\t\t\t\t\t\t\t<span class=\"elementor-button-text\">Um\u00f3w spotkanie<\/span>\n\t\t\t\t\t<\/span>\n\t\t\t\t\t<\/a>\n\t\t\t\t\t\t\t\t<\/div>\n\t\t\t\t<\/div>\n\t\t\t\t<\/div>\n\t\t\t\t\t<\/div>\n\t\t\t\t<\/div>\n\t\t<div class=\"elementor-element elementor-element-41883e9e e-flex e-con-boxed e-con e-parent\" data-id=\"41883e9e\" data-element_type=\"container\">\n\t\t\t\t\t<div class=\"e-con-inner\">\n\t\t\t\t<div class=\"elementor-element elementor-element-34ee7ccc elementor-widget elementor-widget-spacer\" data-id=\"34ee7ccc\" data-element_type=\"widget\" data-widget_type=\"spacer.default\">\n\t\t\t\t\t\t\t<div class=\"elementor-spacer\">\n\t\t\t<div class=\"elementor-spacer-inner\"><\/div>\n\t\t<\/div>\n\t\t\t\t\t\t<\/div>\n\t\t\t\t<div class=\"elementor-element elementor-element-7019dd0a elementor-widget__width-initial elementor-widget elementor-widget-heading\" data-id=\"7019dd0a\" data-element_type=\"widget\" data-widget_type=\"heading.default\">\n\t\t\t\t\t<h2 class=\"elementor-heading-title elementor-size-default\">Przygotowania macie pod kontrol\u0105.\n<\/h2>\t\t\t\t<\/div>\n\t\t\t\t<div class=\"elementor-element elementor-element-6d30c5bd elementor-widget__width-initial elementor-widget elementor-widget-heading\" data-id=\"6d30c5bd\" data-element_type=\"widget\" data-widget_type=\"heading.default\">\n\t\t\t\t\t<h2 class=\"elementor-heading-title elementor-size-default\">Wybrali\u015bcie miejsce, us\u0142ugodawc\u00f3w, stworzyli\u015bcie wizj\u0119.<\/h2>\t\t\t\t<\/div>\n\t\t\t\t<div class=\"elementor-element elementor-element-5ad7e84e elementor-widget__width-initial elementor-widget elementor-widget-text-editor\" data-id=\"5ad7e84e\" data-element_type=\"widget\" data-widget_type=\"text-editor.default\">\n\t\t\t\t\t\t\t\t\t<p><span style=\"font-weight: 400;\">Teraz potrzebujecie kogo\u015b, kto w dniu \u015blubu przejmie stery i dopilnuje, by wszystko wydarzy\u0142o si\u0119 dok\u0142adnie tak, jak zaplanowali\u015bcie.<\/span><\/p><p><strong>Pakiet Koordynacja to wsparcie w kluczowym momencie.<\/strong><\/p><p><span style=\"font-weight: 400;\">To obecno\u015b\u0107 osoby, kt\u00f3ra \u0142\u0105czy wszystkie elementy w jedn\u0105, sp\u00f3jn\u0105 ca\u0142o\u015b\u0107 i reaguje zanim drobne sytuacje stan\u0105 si\u0119 problemem.<\/span><\/p><p><span style=\"font-weight: 400;\">W dniu \u015blubu nie powinni\u015bcie odbiera\u0107 telefon\u00f3w od DJa, szuka\u0107 \u015bwiadk\u00f3w ani sprawdza\u0107, czy tort wyjecha\u0142 z cukierni.<\/span><\/p><p><span style=\"font-weight: 400;\">Macie by\u0107 razem, z rodzin\u0105 i go\u015b\u0107mi. W swoim rytmie.<\/span><\/p>\t\t\t\t\t\t\t\t<\/div>\n\t\t\t\t<div class=\"elementor-element elementor-element-d2c22bc elementor-widget-divider--view-line elementor-widget elementor-widget-divider\" data-id=\"d2c22bc\" data-element_type=\"widget\" data-widget_type=\"divider.default\">\n\t\t\t\t\t\t\t<div class=\"elementor-divider\">\n\t\t\t<span class=\"elementor-divider-separator\">\n\t\t\t\t\t\t<\/span>\n\t\t<\/div>\n\t\t\t\t\t\t<\/div>\n\t\t\t\t<div class=\"elementor-element elementor-element-6c4bf171 elementor-widget elementor-widget-heading\" data-id=\"6c4bf171\" data-element_type=\"widget\" data-widget_type=\"heading.default\">\n\t\t\t\t\t<h2 class=\"elementor-heading-title elementor-size-default\">Ten pakiet jest idealny dla Par, kt\u00f3re:\n<\/h2>\t\t\t\t<\/div>\n\t\t\t\t<div class=\"elementor-element elementor-element-3f9957fe elementor-widget__width-initial elementor-widget elementor-widget-text-editor\" data-id=\"3f9957fe\" data-element_type=\"widget\" data-widget_type=\"text-editor.default\">\n\t\t\t\t\t\t\t\t\t<ul><li><span style=\"font-weight: 400;\"> samodzielnie zorganizowa\u0142y wesele, ale nie chc\u0105 koordynowa\u0107 go w dniu uroczysto\u015bci,<\/span><\/li><li><span style=\"font-weight: 400;\"> chc\u0105 mie\u0107 pewno\u015b\u0107, \u017ce harmonogram zostanie zrealizowany,<\/span><\/li><li><span style=\"font-weight: 400;\"> potrzebuj\u0105 profesjonalnego wsparcia na miejscu,<\/span><\/li><li><span style=\"font-weight: 400;\"> chc\u0105 odda\u0107 odpowiedzialno\u015b\u0107 w dniu \u015blubu komu\u015b, komu naprawd\u0119 mog\u0105 zaufa\u0107.<\/span><\/li><\/ul>\t\t\t\t\t\t\t\t<\/div>\n\t\t\t\t<div class=\"elementor-element elementor-element-46b71e51 elementor-widget elementor-widget-heading\" data-id=\"46b71e51\" data-element_type=\"widget\" data-widget_type=\"heading.default\">\n\t\t\t\t\t<h2 class=\"elementor-heading-title elementor-size-default\">W ramach pakietu otrzymujecie:<\/h2>\t\t\t\t<\/div>\n\t\t\t\t<div class=\"elementor-element elementor-element-48a36106 elementor-widget__width-initial elementor-widget elementor-widget-text-editor\" data-id=\"48a36106\" data-element_type=\"widget\" data-widget_type=\"text-editor.default\">\n\t\t\t\t\t\t\t\t\t<p><span style=\"font-weight: 400;\">Przygotowanie do dnia \u015blubu:<\/span><\/p><ul><li><span style=\"font-weight: 400;\"> spotkanie organizacyjne oko\u0142o 4 do 6 tygodni przed uroczysto\u015bci\u0105,<\/span><\/li><li><span style=\"font-weight: 400;\"> analiz\u0119 um\u00f3w i ustale\u0144 z us\u0142ugodawcami,<\/span><\/li><li><span style=\"font-weight: 400;\"> stworzenie szczeg\u00f3\u0142owego scenariusza dnia \u015blubu,<\/span><\/li><li><span style=\"font-weight: 400;\"> kontakt z wykonawcami i potwierdzenie wszystkich ustale\u0144.<\/span><\/li><\/ul><p>\u00a0<\/p>\t\t\t\t\t\t\t\t<\/div>\n\t\t\t\t<div class=\"elementor-element elementor-element-154dc26 elementor-widget elementor-widget-heading\" data-id=\"154dc26\" data-element_type=\"widget\" data-widget_type=\"heading.default\">\n\t\t\t\t\t<h2 class=\"elementor-heading-title elementor-size-default\">Koordynacj\u0119 w dniu \u015blubu:\n<\/h2>\t\t\t\t<\/div>\n\t\t\t\t<div class=\"elementor-element elementor-element-32bacb2d elementor-widget__width-initial elementor-widget elementor-widget-text-editor\" data-id=\"32bacb2d\" data-element_type=\"widget\" data-widget_type=\"text-editor.default\">\n\t\t\t\t\t\t\t\t\t<ul><li><span style=\"font-weight: 400;\"> nadz\u00f3r nad prac\u0105 wszystkich us\u0142ugodawc\u00f3w,<\/span><\/li><li><span style=\"font-weight: 400;\"> czuwanie nad harmonogramem i p\u0142ynno\u015bci\u0105 wydarze\u0144,<\/span><\/li><li><span style=\"font-weight: 400;\"> koordynacj\u0119 monta\u017cu, dostaw i przygotowa\u0144,<\/span><\/li><li><span style=\"font-weight: 400;\"> rozwi\u0105zywanie bie\u017c\u0105cych sytuacji organizacyjnych,<\/span><\/li><li><span style=\"font-weight: 400;\"> sta\u0142\u0105 obecno\u015b\u0107 i wsparcie dla Was oraz najbli\u017cszych.<\/span><\/li><\/ul>\t\t\t\t\t\t\t\t<\/div>\n\t\t\t\t<div class=\"elementor-element elementor-element-46d4f14 elementor-widget elementor-widget-heading\" data-id=\"46d4f14\" data-element_type=\"widget\" data-widget_type=\"heading.default\">\n\t\t\t\t\t<h2 class=\"elementor-heading-title elementor-size-default\">Dzi\u0119ki temu:<\/h2>\t\t\t\t<\/div>\n\t\t\t\t<div class=\"elementor-element elementor-element-155eaca elementor-widget__width-initial elementor-widget elementor-widget-text-editor\" data-id=\"155eaca\" data-element_type=\"widget\" data-widget_type=\"text-editor.default\">\n\t\t\t\t\t\t\t\t\t<p><span style=\"font-weight: 400;\">Mo\u017cecie wej\u015b\u0107 w ten dzie\u0144 bez napi\u0119cia.<\/span><\/p><p><span style=\"font-weight: 400;\">Bez poczucia, \u017ce musicie co\u015b kontrolowa\u0107.<\/span><\/p><p><span style=\"font-weight: 400;\">Z przekonaniem, \u017ce kto\u015b czuwa nad ca\u0142o\u015bci\u0105.<\/span><\/p>\t\t\t\t\t\t\t\t<\/div>\n\t\t\t\t<div class=\"elementor-element elementor-element-f5a7904 elementor-widget-divider--view-line elementor-widget elementor-widget-divider\" data-id=\"f5a7904\" data-element_type=\"widget\" data-widget_type=\"divider.default\">\n\t\t\t\t\t\t\t<div class=\"elementor-divider\">\n\t\t\t<span class=\"elementor-divider-separator\">\n\t\t\t\t\t\t<\/span>\n\t\t<\/div>\n\t\t\t\t\t\t<\/div>\n\t\t\t\t<div class=\"elementor-element elementor-element-1edee3b5 elementor-widget elementor-widget-heading\" data-id=\"1edee3b5\" data-element_type=\"widget\" data-widget_type=\"heading.default\">\n\t\t\t\t\t<h2 class=\"elementor-heading-title elementor-size-default\">Cena pakietu zaczyna si\u0119&nbsp;<div>od 4 500 z\u0142.\n<\/div><\/h2>\t\t\t\t<\/div>\n\t\t\t\t<div class=\"elementor-element elementor-element-2ab86aee elementor-widget__width-initial elementor-widget elementor-widget-text-editor\" data-id=\"2ab86aee\" data-element_type=\"widget\" data-widget_type=\"text-editor.default\">\n\t\t\t\t\t\t\t\t\t<p><span style=\"font-weight: 400;\">Ostateczna wycena zale\u017cy od skali wydarzenia, liczby us\u0142ugodawc\u00f3w i miejsca realizacji.<\/span><\/p><p><span style=\"font-weight: 400;\">Je\u015bli chcecie prze\u017cy\u0107 sw\u00f3j dzie\u0144 w pe\u0142ni, a nie zarz\u0105dza\u0107 nim zza kulis \u2014 jeste\u015bmy obok.<\/span><\/p>\t\t\t\t\t\t\t\t<\/div>\n\t\t\t\t\t<\/div>\n\t\t\t\t<\/div>\n\t\t<div class=\"elementor-element elementor-element-5804401 e-flex e-con-boxed e-con e-parent\" data-id=\"5804401\" data-element_type=\"container\">\n\t\t\t\t\t<div class=\"e-con-inner\">\n\t\t\t\t<div class=\"elementor-element elementor-element-276990d3 elementor-widget elementor-widget-spacer\" data-id=\"276990d3\" data-element_type=\"widget\" data-widget_type=\"spacer.default\">\n\t\t\t\t\t\t\t<div class=\"elementor-spacer\">\n\t\t\t<div class=\"elementor-spacer-inner\"><\/div>\n\t\t<\/div>\n\t\t\t\t\t\t<\/div>\n\t\t\t\t\t<\/div>\n\t\t\t\t<\/div>\n\t\t<div class=\"elementor-element elementor-element-2b603269 e-flex e-con-boxed e-con e-parent\" data-id=\"2b603269\" data-element_type=\"container\" data-settings=\"{&quot;background_background&quot;:&quot;classic&quot;}\">\n\t\t\t\t\t<div class=\"e-con-inner\">\n\t\t\t\t<div class=\"elementor-element elementor-element-5b9a135c elementor-widget elementor-widget-heading\" data-id=\"5b9a135c\" data-element_type=\"widget\" data-widget_type=\"heading.default\">\n\t\t\t\t\t<h1 class=\"elementor-heading-title elementor-size-default\">Kontakt<\/h1>\t\t\t\t<\/div>\n\t\t\t\t<div class=\"elementor-element elementor-element-617d7ee6 elementor-widget__width-initial elementor-invisible elementor-widget elementor-widget-heading\" data-id=\"617d7ee6\" data-element_type=\"widget\" data-settings=\"{&quot;_animation&quot;:&quot;fadeIn&quot;,&quot;_animation_delay&quot;:200}\" data-widget_type=\"heading.default\">\n\t\t\t\t\t<h2 class=\"elementor-heading-title elementor-size-default\">Porozmawiajmy<\/h2>\t\t\t\t<\/div>\n\t\t\t\t<div class=\"elementor-element elementor-element-5c3668a3 elementor-widget__width-initial elementor-invisible elementor-widget elementor-widget-heading\" data-id=\"5c3668a3\" data-element_type=\"widget\" data-settings=\"{&quot;_animation&quot;:&quot;fadeIn&quot;,&quot;_animation_delay&quot;:200}\" data-widget_type=\"heading.default\">\n\t\t\t\t\t<h2 class=\"elementor-heading-title elementor-size-default\">o Waszym \u015blubie.<\/h2>\t\t\t\t<\/div>\n\t\t\t\t<div class=\"elementor-element elementor-element-195f7498 elementor-widget__width-initial elementor-invisible elementor-widget elementor-widget-text-editor\" data-id=\"195f7498\" data-element_type=\"widget\" data-settings=\"{&quot;_animation&quot;:&quot;fadeIn&quot;,&quot;_animation_delay&quot;:400}\" data-widget_type=\"text-editor.default\">\n\t\t\t\t\t\t\t\t\t<p>Opowiedzcie mi o swoim dniu \u2014 stworz\u0119 plan, kt\u00f3ry poprowadzi <br \/>Was do pi\u0119knej, sp\u00f3jnej i wyj\u0105tkowej uroczysto\u015bci. <br \/>Czekam na Wasz\u0105 wiadomo\u015b\u0107.<\/p>\t\t\t\t\t\t\t\t<\/div>\n\t\t<div class=\"elementor-element elementor-element-7bfffa73 e-con-full e-flex e-con e-child\" data-id=\"7bfffa73\" data-element_type=\"container\">\n\t\t<div class=\"elementor-element elementor-element-3f5bd99a e-con-full e-flex e-con e-child\" data-id=\"3f5bd99a\" data-element_type=\"container\">\n\t\t\t\t<div class=\"elementor-element elementor-element-223360df elementor-align-left elementor-widget elementor-widget-button\" data-id=\"223360df\" data-element_type=\"widget\" data-widget_type=\"button.default\">\n\t\t\t\t\t\t\t\t\t\t<a class=\"elementor-button elementor-button-link elementor-size-sm\" href=\"https:\/\/wizualna-test.eu\/?page_id=222\">\n\t\t\t\t\t\t<span class=\"elementor-button-content-wrapper\">\n\t\t\t\t\t\t\t\t\t<span class=\"elementor-button-text\">Um\u00f3w swoj\u0105 konsultacj\u0119<\/span>\n\t\t\t\t\t<\/span>\n\t\t\t\t\t<\/a>\n\t\t\t\t\t\t\t\t<\/div>\n\t\t\t\t<\/div>\n\t\t\t\t<\/div>\n\t\t\t\t\t<\/div>\n\t\t\t\t<\/div>\n\t\t\t\t<\/div>\n\t\t","protected":false},"excerpt":{"rendered":"<p>Koordynacja dnia \u015blubu Niewidoczna praca, kt\u00f3ra sprawia, \u017ce wszystkoidzie jak w zegarku. Cena zaczyna si\u0119 od: 4 500 z\u0142 Um\u00f3w spotkanie Przygotowania macie pod kontrol\u0105. Wybrali\u015bcie miejsce, us\u0142ugodawc\u00f3w, stworzyli\u015bcie wizj\u0119. Teraz potrzebujecie kogo\u015b, kto w dniu \u015blubu przejmie stery i dopilnuje, by wszystko wydarzy\u0142o si\u0119 dok\u0142adnie tak, jak zaplanowali\u015bcie. Pakiet Koordynacja to wsparcie w kluczowym [&hellip;]<\/p>\n","protected":false},"author":1,"featured_media":0,"parent":0,"menu_order":0,"comment_status":"closed","ping_status":"closed","template":"","meta":{"footnotes":""},"class_list":["post-1055","page","type-page","status-publish","hentry"],"_links":{"self":[{"href":"https:\/\/wizualna-test.eu\/index.php?rest_route=\/wp\/v2\/pages\/1055","targetHints":{"allow":["GET"]}}],"collection":[{"href":"https:\/\/wizualna-test.eu\/index.php?rest_route=\/wp\/v2\/pages"}],"about":[{"href":"https:\/\/wizualna-test.eu\/index.php?rest_route=\/wp\/v2\/types\/page"}],"author":[{"embeddable":true,"href":"https:\/\/wizualna-test.eu\/index.php?rest_route=\/wp\/v2\/users\/1"}],"replies":[{"embeddable":true,"href":"https:\/\/wizualna-test.eu\/index.php?rest_route=%2Fwp%2Fv2%2Fcomments&post=1055"}],"version-history":[{"count":10,"href":"https:\/\/wizualna-test.eu\/index.php?rest_route=\/wp\/v2\/pages\/1055\/revisions"}],"predecessor-version":[{"id":1145,"href":"https:\/\/wizualna-test.eu\/index.php?rest_route=\/wp\/v2\/pages\/1055\/revisions\/1145"}],"wp:attachment":[{"href":"https:\/\/wizualna-test.eu\/index.php?rest_route=%2Fwp%2Fv2%2Fmedia&parent=1055"}],"curies":[{"name":"wp","href":"https:\/\/api.w.org\/{rel}","templated":true}]}}